{"id":10857,"date":"2026-04-14T19:13:23","date_gmt":"2026-04-14T17:13:23","guid":{"rendered":"https:\/\/kitemobile.nl\/?page_id=10857"},"modified":"2026-04-14T19:15:04","modified_gmt":"2026-04-14T17:15:04","slug":"allgemeine-geschaeftsbedingungen-von-kitemobile","status":"publish","type":"page","link":"https:\/\/kitemobile.nl\/de\/allgemeine-geschaeftsbedingungen-von-kitemobile\/","title":{"rendered":"Allgemeine Gesch\u00e4ftsbedingungen"},"content":{"rendered":"<div class=\"\">\n<p><strong>Allgemeine Gesch\u00e4ftsbedingungen von KiteMobile<\/strong><\/p>\n<\/div>\n<div class=\"\">\n<p>KiteMobile ist bei der Handelskammer unter der Nummer 62844555 eingetragen.<\/p>\n<\/div>\n<div class=\"\">\n<p>Unser Sitz befindet sich in: Baanstraat 16, 9717 GV Groningen.<\/p>\n<\/div>\n<div class=\"\">\n<p><strong>Allgemeine Bedingungen f\u00fcr Kitesurfunterricht und Verleih<\/strong><\/p>\n<\/div>\n<div class=\"\">\n<p><strong>1.1 Kann der Unterricht immer stattfinden?<\/strong> Bei zu viel Wind (&gt;25 Knoten) oder zu wenig Wind (&lt;8 Knoten) kann der Unterricht leider nicht stattfinden. Sicherheit und ein guter Unterricht stehen an erster Stelle, wof\u00fcr gute Windverh\u00e4ltnisse notwendig sind. Nach Absage eines Unterrichts k\u00f6nnen Sie \u00fcber das Viking-Booking-System einen neuen Termin buchen.<\/p>\n<p><strong>1.2 Voraussetzungen f\u00fcr die Teilnahme am Unterricht<\/strong><\/p>\n<p><strong>1.2.1<\/strong> Jeder ist willkommen, bei uns Unterricht zu nehmen. Allerdings geben wir Kindern erst ab einem Gewicht von 35 kg Unterricht. Zudem ist es wichtig, dass Sie nicht an einer Krankheit oder psychischen St\u00f6rung leiden, die eine Gefahr f\u00fcr Ihre eigene Gesundheit oder die Gesundheit anderer Personen darstellen k\u00f6nnte.<\/p>\n<p><strong>1.2.2<\/strong> Bei Fehlverhalten und unverantwortlichem Handeln kann KiteMobile jedem Teilnehmer die weitere Teilnahme an den Aktivit\u00e4ten untersagen.<\/p>\n<p><strong>1.2.3<\/strong> Der Konsum von Alkohol und\/oder Drogen sowie der Zustand der Beeinflussung durch diese sind w\u00e4hrend der Teilnahme an den Aktivit\u00e4ten streng verboten.<\/p>\n<p><strong>1.2.4<\/strong> W\u00e4hrend des Kitesurfunterrichts d\u00fcrfen keine Gegenst\u00e4nde, einschlie\u00dflich Schmuck (Ohrringe, Ketten, Armb\u00e4nder usw.), mitgef\u00fchrt oder getragen werden, die eine Gefahr f\u00fcr die Teilnehmer darstellen k\u00f6nnten. Lange Haare m\u00fcssen mit einem Gummiband zusammengebunden werden.<\/p>\n<p><strong>1.4 Wie lange ist mein gebuchter Unterricht oder Unterrichtspaket g\u00fcltig?<\/strong> Ihr gebuchter Unterricht oder Ihr Unterrichtspaket bleibt bei uns ein Jahr g\u00fcltig. Wenn Sie Ihren Unterricht absagen oder wir den Unterricht aufgrund der Wettervorhersage absagen mussten, haben Sie ein Jahr Zeit, Ihren Unterricht erneut zu buchen. In den Sommermonaten bieten wir auch abends Unterricht an, sodass immer ein Zeitpunkt zum Nachholen vorhanden ist.<\/p>\n<p><strong>1.5 Geschenkgutscheine und Guthabenbons<\/strong> Auch Geschenkgutscheine und Guthabenbons sind ein Jahr g\u00fcltig.<\/p>\n<p><strong>1.6 Unterricht nicht wegen des Wetters abschlie\u00dfen k\u00f6nnen?<\/strong>Wenn wir Ihren Unterricht w\u00e4hrend der Durchf\u00fchrung wegen des Wetters abbrechen m\u00fcssen, k\u00f6nnen Sie die Ihnen zustehende Zeit nachholen oder Ihren n\u00e4chsten Unterricht l\u00e4nger laufen lassen. Auch dies muss innerhalb eines Zeitraums von einem Jahr erfolgen.<\/p>\n<p><strong>1.7 Unterricht konnte wegen des Wetters oder Krankheit nicht stattfinden.<\/strong> Wenn der Unterricht \u00fcberhaupt nicht stattfinden kann und wir ihn absagen m\u00fcssen, k\u00f6nnen Sie \u00fcber unser Online-System einen neuen Termin vereinbaren.<\/p>\n<p><strong>1.8 Wird der Unterricht manchmal abgesagt, wenn ich bereits unterwegs oder am Spot angekommen bin?<\/strong> Wir beobachten das Wetter kontinuierlich, damit Sie nicht umsonst zum Spot kommen. Wenn Sie von weit her kommen und der Wind zweifelhaft ist, \u00fcberlassen wir Ihnen die Entscheidung, ob Sie kommen oder nicht, damit Sie keine unn\u00f6tigen Reisekosten haben. Leider ist das Wetter in Niederlande sehr wechselhaft; es kann also vorkommen, dass die Vorhersage perfekt erscheint, aber tats\u00e4chlich gar kein Wind weht. Dies ist das Risiko des Erlernens des Kitesurfens. Nat\u00fcrlich verschieben wir den Unterricht dann auf ein anderes Datum. Wir sind nicht f\u00fcr die entstandenen Reisekosten verantwortlich.<\/p>\n<p><strong>1.9 Eigener Risikobereich<\/strong> Der Kitesurfunterricht und eventuelle Verleih erfolgen auf eigenes Risiko. Wie bei jeder Sportart bringt auch das Kitesurfen Risiken mit sich. Wir verf\u00fcgen \u00fcber jahrelange Erfahrung im Unterrichten. Wir passen unsere Materialien, den Standort und die Wahl der Instruktion an die Person und die Umst\u00e4nde an, um einen optimalen Unterricht und Verleih zu gew\u00e4hrleisten. Sollte etwas passieren, sind wir daf\u00fcr nicht verantwortlich; Sie unterschreiben vor dem Unterricht eine entsprechende Erkl\u00e4rung. Wenn Sie sich w\u00e4hrend des Unterrichts nicht sicher f\u00fchlen, k\u00f6nnen Sie jederzeit aufh\u00f6ren.<\/p>\n<p><strong>2. Allgemeine Bedingungen f\u00fcr Verleih und begleiteten Verleih<\/strong><\/p>\n<p><strong>2. Materialsch\u00e4den<\/strong> Wir sorgen daf\u00fcr, dass Sie auf sichere Weise den Umgang mit dem Material erlernen. Wenn w\u00e4hrend eines Unterrichts oder Verleihs Material besch\u00e4digt wird, f\u00e4llt dies unter Ihr eigenes Risiko. Sie leihen unsere Materialien aus, sind aber selbst daf\u00fcr verantwortlich; Sie steuern und nutzen unsere Materialien. Sollte sich w\u00e4hrend eines Unterrichts herausstellen, dass Sie nicht verantwortungsbewusst mit den Sachen umgehen und dadurch Sch\u00e4den verursachen, tragen Sie die Verantwortung daf\u00fcr. Falls das Material jedoch bei normalem Gebrauch doch kaputtgeht, \u00fcbernehmen wir die Kosten selbst. Haben Sie eine Reiseversicherung und sind Sie f\u00fcr einen Tag oder ein Wochenende unterwegs, sind Sie in den meisten F\u00e4llen daf\u00fcr versichert.<\/p>\n<\/div>\n","protected":false},"excerpt":{"rendered":"<p>Allgemeine Gesch\u00e4ftsbedingungen von KiteMobile KiteMobile ist bei der Handelskammer unter der Nummer 62844555 eingetragen. Unser Sitz befindet sich in: Baanstraat 16, 9717 GV Groningen. Allgemeine Bedingungen f\u00fcr Kitesurfunterricht und Verleih 1.1 Kann der Unterricht immer stattfinden? Bei zu viel Wind (&gt;25 Knoten) oder zu wenig Wind (&lt;8 Knoten) kann der Unterricht leider nicht stattfinden. Sicherheit &hellip;<\/p>\n","protected":false},"author":2,"featured_media":0,"parent":0,"menu_order":0,"comment_status":"closed","ping_status":"closed","template":"","meta":{"_acf_changed":false,"footnotes":""},"class_list":["post-10857","page","type-page","status-publish","hentry","clearfix"],"acf":[],"yoast_head":"<!-- This site is optimized with the Yoast SEO plugin v27.3 - https:\/\/yoast.com\/product\/yoast-seo-wordpress\/ -->\n<title>Allgemeine Gesch\u00e4ftsbedingungen - KiteMobile<\/title>\n<meta name=\"robots\" content=\"index, follow, max-snippet:-1, max-image-preview:large, max-video-preview:-1\" \/>\n<link rel=\"canonical\" href=\"https:\/\/kitemobile.nl\/de\/allgemeine-geschaeftsbedingungen-von-kitemobile\/\" \/>\n<meta property=\"og:locale\" content=\"de_DE\" \/>\n<meta property=\"og:type\" content=\"article\" \/>\n<meta property=\"og:title\" content=\"Allgemeine Gesch\u00e4ftsbedingungen - KiteMobile\" \/>\n<meta property=\"og:description\" content=\"Allgemeine Gesch\u00e4ftsbedingungen von KiteMobile KiteMobile ist bei der Handelskammer unter der Nummer 62844555 eingetragen. Unser Sitz befindet sich in: Baanstraat 16, 9717 GV Groningen. Allgemeine Bedingungen f\u00fcr Kitesurfunterricht und Verleih 1.1 Kann der Unterricht immer stattfinden? Bei zu viel Wind (&gt;25 Knoten) oder zu wenig Wind (&lt;8 Knoten) kann der Unterricht leider nicht stattfinden. Sicherheit &hellip;\" \/>\n<meta property=\"og:url\" content=\"https:\/\/kitemobile.nl\/de\/allgemeine-geschaeftsbedingungen-von-kitemobile\/\" \/>\n<meta property=\"og:site_name\" content=\"KiteMobile\" \/>\n<meta property=\"article:publisher\" content=\"https:\/\/www.facebook.com\/kitesurfschool.kitemobile\/\" \/>\n<meta property=\"article:modified_time\" content=\"2026-04-14T17:15:04+00:00\" \/>\n<meta name=\"twitter:card\" content=\"summary_large_image\" \/>\n<meta name=\"twitter:site\" content=\"@kitemobile\" \/>\n<meta name=\"twitter:label1\" content=\"Gesch\u00e4tzte Lesezeit\" \/>\n\t<meta name=\"twitter:data1\" content=\"4\u00a0Minuten\" \/>\n<script type=\"application\/ld+json\" class=\"yoast-schema-graph\">{\"@context\":\"https:\\\/\\\/schema.org\",\"@graph\":[{\"@type\":\"WebPage\",\"@id\":\"https:\\\/\\\/kitemobile.nl\\\/de\\\/allgemeine-geschaeftsbedingungen-von-kitemobile\\\/\",\"url\":\"https:\\\/\\\/kitemobile.nl\\\/de\\\/allgemeine-geschaeftsbedingungen-von-kitemobile\\\/\",\"name\":\"Allgemeine Gesch\u00e4ftsbedingungen - KiteMobile\",\"isPartOf\":{\"@id\":\"https:\\\/\\\/kitemobile.nl\\\/#website\"},\"datePublished\":\"2026-04-14T17:13:23+00:00\",\"dateModified\":\"2026-04-14T17:15:04+00:00\",\"breadcrumb\":{\"@id\":\"https:\\\/\\\/kitemobile.nl\\\/de\\\/allgemeine-geschaeftsbedingungen-von-kitemobile\\\/#breadcrumb\"},\"inLanguage\":\"de\",\"potentialAction\":[{\"@type\":\"ReadAction\",\"target\":[\"https:\\\/\\\/kitemobile.nl\\\/de\\\/allgemeine-geschaeftsbedingungen-von-kitemobile\\\/\"]}]},{\"@type\":\"BreadcrumbList\",\"@id\":\"https:\\\/\\\/kitemobile.nl\\\/de\\\/allgemeine-geschaeftsbedingungen-von-kitemobile\\\/#breadcrumb\",\"itemListElement\":[{\"@type\":\"ListItem\",\"position\":1,\"name\":\"Home\",\"item\":\"https:\\\/\\\/kitemobile.nl\\\/de\\\/\"},{\"@type\":\"ListItem\",\"position\":2,\"name\":\"Allgemeine Gesch\u00e4ftsbedingungen\"}]},{\"@type\":\"WebSite\",\"@id\":\"https:\\\/\\\/kitemobile.nl\\\/#website\",\"url\":\"https:\\\/\\\/kitemobile.nl\\\/\",\"name\":\"KiteMobile\",\"description\":\"Kitesurfschool KiteMobile is het adres voor kitesurfles\",\"publisher\":{\"@id\":\"https:\\\/\\\/kitemobile.nl\\\/#organization\"},\"potentialAction\":[{\"@type\":\"SearchAction\",\"target\":{\"@type\":\"EntryPoint\",\"urlTemplate\":\"https:\\\/\\\/kitemobile.nl\\\/?s={search_term_string}\"},\"query-input\":{\"@type\":\"PropertyValueSpecification\",\"valueRequired\":true,\"valueName\":\"search_term_string\"}}],\"inLanguage\":\"de\"},{\"@type\":\"Organization\",\"@id\":\"https:\\\/\\\/kitemobile.nl\\\/#organization\",\"name\":\"KiteMobile\",\"url\":\"https:\\\/\\\/kitemobile.nl\\\/\",\"logo\":{\"@type\":\"ImageObject\",\"inLanguage\":\"de\",\"@id\":\"https:\\\/\\\/kitemobile.nl\\\/#\\\/schema\\\/logo\\\/image\\\/\",\"url\":\"https:\\\/\\\/kitemobile.nl\\\/wp-content\\\/uploads\\\/2017\\\/12\\\/kitemobile-small.png\",\"contentUrl\":\"https:\\\/\\\/kitemobile.nl\\\/wp-content\\\/uploads\\\/2017\\\/12\\\/kitemobile-small.png\",\"width\":200,\"height\":200,\"caption\":\"KiteMobile\"},\"image\":{\"@id\":\"https:\\\/\\\/kitemobile.nl\\\/#\\\/schema\\\/logo\\\/image\\\/\"},\"sameAs\":[\"https:\\\/\\\/www.facebook.com\\\/kitesurfschool.kitemobile\\\/\",\"https:\\\/\\\/x.com\\\/kitemobile\",\"https:\\\/\\\/www.instagram.com\\\/kitesurfschool_kitemobile\\\/\",\"https:\\\/\\\/www.youtube.com\\\/channel\\\/UC3UcLZGJGnY-0suc_l0nWvA\"]}]}<\/script>\n<!-- \/ Yoast SEO plugin. -->","yoast_head_json":{"title":"Allgemeine Gesch\u00e4ftsbedingungen - KiteMobile","robots":{"index":"index","follow":"follow","max-snippet":"max-snippet:-1","max-image-preview":"max-image-preview:large","max-video-preview":"max-video-preview:-1"},"canonical":"https:\/\/kitemobile.nl\/de\/allgemeine-geschaeftsbedingungen-von-kitemobile\/","og_locale":"de_DE","og_type":"article","og_title":"Allgemeine Gesch\u00e4ftsbedingungen - KiteMobile","og_description":"Allgemeine Gesch\u00e4ftsbedingungen von KiteMobile KiteMobile ist bei der Handelskammer unter der Nummer 62844555 eingetragen. Unser Sitz befindet sich in: Baanstraat 16, 9717 GV Groningen. Allgemeine Bedingungen f\u00fcr Kitesurfunterricht und Verleih 1.1 Kann der Unterricht immer stattfinden? Bei zu viel Wind (&gt;25 Knoten) oder zu wenig Wind (&lt;8 Knoten) kann der Unterricht leider nicht stattfinden. Sicherheit &hellip;","og_url":"https:\/\/kitemobile.nl\/de\/allgemeine-geschaeftsbedingungen-von-kitemobile\/","og_site_name":"KiteMobile","article_publisher":"https:\/\/www.facebook.com\/kitesurfschool.kitemobile\/","article_modified_time":"2026-04-14T17:15:04+00:00","twitter_card":"summary_large_image","twitter_site":"@kitemobile","twitter_misc":{"Gesch\u00e4tzte Lesezeit":"4\u00a0Minuten"},"schema":{"@context":"https:\/\/schema.org","@graph":[{"@type":"WebPage","@id":"https:\/\/kitemobile.nl\/de\/allgemeine-geschaeftsbedingungen-von-kitemobile\/","url":"https:\/\/kitemobile.nl\/de\/allgemeine-geschaeftsbedingungen-von-kitemobile\/","name":"Allgemeine Gesch\u00e4ftsbedingungen - KiteMobile","isPartOf":{"@id":"https:\/\/kitemobile.nl\/#website"},"datePublished":"2026-04-14T17:13:23+00:00","dateModified":"2026-04-14T17:15:04+00:00","breadcrumb":{"@id":"https:\/\/kitemobile.nl\/de\/allgemeine-geschaeftsbedingungen-von-kitemobile\/#breadcrumb"},"inLanguage":"de","potentialAction":[{"@type":"ReadAction","target":["https:\/\/kitemobile.nl\/de\/allgemeine-geschaeftsbedingungen-von-kitemobile\/"]}]},{"@type":"BreadcrumbList","@id":"https:\/\/kitemobile.nl\/de\/allgemeine-geschaeftsbedingungen-von-kitemobile\/#breadcrumb","itemListElement":[{"@type":"ListItem","position":1,"name":"Home","item":"https:\/\/kitemobile.nl\/de\/"},{"@type":"ListItem","position":2,"name":"Allgemeine Gesch\u00e4ftsbedingungen"}]},{"@type":"WebSite","@id":"https:\/\/kitemobile.nl\/#website","url":"https:\/\/kitemobile.nl\/","name":"KiteMobile","description":"Kitesurfschool KiteMobile is het adres voor kitesurfles","publisher":{"@id":"https:\/\/kitemobile.nl\/#organization"},"potentialAction":[{"@type":"SearchAction","target":{"@type":"EntryPoint","urlTemplate":"https:\/\/kitemobile.nl\/?s={search_term_string}"},"query-input":{"@type":"PropertyValueSpecification","valueRequired":true,"valueName":"search_term_string"}}],"inLanguage":"de"},{"@type":"Organization","@id":"https:\/\/kitemobile.nl\/#organization","name":"KiteMobile","url":"https:\/\/kitemobile.nl\/","logo":{"@type":"ImageObject","inLanguage":"de","@id":"https:\/\/kitemobile.nl\/#\/schema\/logo\/image\/","url":"https:\/\/kitemobile.nl\/wp-content\/uploads\/2017\/12\/kitemobile-small.png","contentUrl":"https:\/\/kitemobile.nl\/wp-content\/uploads\/2017\/12\/kitemobile-small.png","width":200,"height":200,"caption":"KiteMobile"},"image":{"@id":"https:\/\/kitemobile.nl\/#\/schema\/logo\/image\/"},"sameAs":["https:\/\/www.facebook.com\/kitesurfschool.kitemobile\/","https:\/\/x.com\/kitemobile","https:\/\/www.instagram.com\/kitesurfschool_kitemobile\/","https:\/\/www.youtube.com\/channel\/UC3UcLZGJGnY-0suc_l0nWvA"]}]}},"_links":{"self":[{"href":"https:\/\/kitemobile.nl\/de\/wp-json\/wp\/v2\/pages\/10857","targetHints":{"allow":["GET"]}}],"collection":[{"href":"https:\/\/kitemobile.nl\/de\/wp-json\/wp\/v2\/pages"}],"about":[{"href":"https:\/\/kitemobile.nl\/de\/wp-json\/wp\/v2\/types\/page"}],"author":[{"embeddable":true,"href":"https:\/\/kitemobile.nl\/de\/wp-json\/wp\/v2\/users\/2"}],"replies":[{"embeddable":true,"href":"https:\/\/kitemobile.nl\/de\/wp-json\/wp\/v2\/comments?post=10857"}],"version-history":[{"count":2,"href":"https:\/\/kitemobile.nl\/de\/wp-json\/wp\/v2\/pages\/10857\/revisions"}],"predecessor-version":[{"id":10861,"href":"https:\/\/kitemobile.nl\/de\/wp-json\/wp\/v2\/pages\/10857\/revisions\/10861"}],"wp:attachment":[{"href":"https:\/\/kitemobile.nl\/de\/wp-json\/wp\/v2\/media?parent=10857"}],"curies":[{"name":"wp","href":"https:\/\/api.w.org\/{rel}","templated":true}]}}