{"id":1943,"date":"2016-06-14T12:49:08","date_gmt":"2016-06-14T10:49:08","guid":{"rendered":"http:\/\/kitemobile.nl\/kitesurf-vakantie\/"},"modified":"2020-06-15T22:44:24","modified_gmt":"2020-06-15T20:44:24","slug":"reisen-holland-kitesurfen-north-kiteboarding-test-center-schule-stehrevier-workum","status":"publish","type":"page","link":"https:\/\/kitemobile.nl\/de\/reisen-holland-kitesurfen-north-kiteboarding-test-center-schule-stehrevier-workum\/","title":{"rendered":"Reisen"},"content":{"rendered":"<div id=\"pl-1943\"  class=\"panel-layout\" ><div id=\"pg-1943-0\"  class=\"panel-grid panel-no-style\" ><div id=\"pgc-1943-0-0\"  class=\"panel-grid-cell\" ><div id=\"panel-1943-0-0-0\" class=\"so-panel widget widget_sow-editor panel-first-child panel-last-child\" data-index=\"0\" ><div\n\t\t\t\n\t\t\tclass=\"so-widget-sow-editor so-widget-sow-editor-base\"\n\t\t\t\n\t\t><h3 class=\"widget-title\"><span class=\"widget-title__inline\">Holland Kite Reisen. IJsselmeer, Workum und Ameland<\/span><\/h3>\n<div class=\"siteorigin-widget-tinymce textwidget\">\n\t<p><strong>Nur Gruppe mit max 3 Personen pro Lehrer<\/strong><\/p>\n<p>KiteMobile bietet das ganze Jahr \u00fcber verschiedene Kite Ferien an. Wir glauben an das Lernen durch Erfahrung und durch all die verschiedenen Bedingungen und dann kommt da jedes Mal noch eine neue Erfahrung dazu. Mit der richtigen F\u00fchrung wird aus dir ein besserer Kitesurfer. Wir bieten Ferien auf verschiedenem Niveau an. Ferien f\u00fcr Anf\u00e4nger in warme und tropische Erholungsorte bis KITE GUIDING oder dowwinder auf Ameland f\u00fcr die fortgeschrittenen Kitesurfer. Betrachtet unser Angebot und erlebt wahres KITE ABENTEUER mit uns !<\/p>\n<hr class=\"hr--dotted\" \/>\n<\/div>\n<\/div><\/div><\/div><div id=\"pgc-1943-0-1\"  class=\"panel-grid-cell\" ><div id=\"panel-1943-0-1-0\" class=\"so-panel widget widget_sow-editor panel-first-child panel-last-child\" data-index=\"1\" ><div\n\t\t\t\n\t\t\tclass=\"so-widget-sow-editor so-widget-sow-editor-base\"\n\t\t\t\n\t\t>\n<div class=\"siteorigin-widget-tinymce textwidget\">\n\t<figure id=\"attachment_1709\" aria-describedby=\"caption-attachment-1709\" style=\"width: 584px\" class=\"wp-caption alignnone\"><img loading=\"lazy\" decoding=\"async\" class=\"wp-image-1709\" src=\"https:\/\/kitemobile.nl\/wp-content\/uploads\/2016\/06\/Schermafbeelding-2017-05-17-om-09.55.11-300x300.png\" alt=\"Kite Urlaub am See. Knietiefes wasser, Holland Workum\" width=\"584\" height=\"584\" \/><figcaption id=\"caption-attachment-1709\" class=\"wp-caption-text\">Kite Urlaub am See. Knietiefes wasser, Holland Workum<\/figcaption><\/figure>\n<\/div>\n<\/div><\/div><\/div><\/div><div id=\"pg-1943-1\"  class=\"panel-grid panel-no-style\" ><div id=\"pgc-1943-1-0\"  class=\"panel-grid-cell\" ><div id=\"panel-1943-1-0-0\" class=\"so-panel widget widget_pw_portfolio_grid widget-portfolio-grid panel-first-child panel-last-child\" data-index=\"2\" >\t\t\t\t\t<div class=\"portfolio-grid  portfolio-grid--grid\" data-type=\"grid\">\n\t\t\t\t\t\t\t\t\t<nav class=\"portfolio-grid__header\">\n\t\t\t\t\t<a href=\"#\" class=\"portfolio-grid__mobile-filter  js-filter  btn  btn-primary  btn-sm  hidden-lg-up\">\n\t\t\t\t\t\t<span class=\"fa  fa-filter\"><\/span> &nbsp;\n\t\t\t\t\t\tFILTER\t\t\t\t\t<\/a>\n\n\t\t\t\t\t\n\t\t\t\t\t<ul class=\"portfolio-grid__nav  js-wpg-nav-holder\">\n\t\t\t\t\t\t<li class=\"portfolio-grid__nav-item  is-active  is-disabled\" style=\"display:none;\">\n\t\t\t\t\t\t\t<a href=\"#widget-1-0-0-all\" data-category=\"*\" class=\"portfolio-grid__nav-link  js-wpg-nav\"><\/a>\n\t\t\t\t\t\t<\/li>\n\t\t\t\t\t\t\t\t\t\t\t\t\t<li class=\"portfolio-grid__nav-item\">\n\t\t\t\t\t\t\t\t<a href=\"#widget-1-0-0-urlaub\" data-category=\"urlaub\" class=\"portfolio-grid__nav-link  js-wpg-nav\">Urlaub<\/a>\n\t\t\t\t\t\t\t<\/li>\n\t\t\t\t\t\t\t\t\t\t\t\t\t<li class=\"portfolio-grid__nav-item\">\n\t\t\t\t\t\t\t\t<a href=\"#widget-1-0-0-kitesurf-wochenende\" data-category=\"kitesurf-wochenende\" class=\"portfolio-grid__nav-link  js-wpg-nav\">Kitesurf Wochenende<\/a>\n\t\t\t\t\t\t\t<\/li>\n\t\t\t\t\t\t\t\t\t\t\t<\/ul>\n\t\t\t\t<\/nav>\n\n\t\t\t\t\t\t\t\t\t<div class=\"js-wpg-items\">\n\t\t\t\t\t\t\t<div class=\"row\">\n\t\t\t\t\t\t\t\t\t\t<div class=\"col-xs-12  col-sm-6  col-lg-3  js-wpg-item\" data-categories=\"kitesurf-wochenende\">\n\t\t\t\t<a class=\"card  portfolio-grid__card  js-wpg-card\" href=\"https:\/\/kitemobile.nl\/de\/portfolio\/wochenende-kitesurfen-camping-am-wasser-reisen-workum-friesland\/\">\n\t\t\t\t\t<img loading=\"lazy\" decoding=\"async\" width=\"352\" height=\"198\" src=\"https:\/\/kitemobile.nl\/wp-content\/uploads\/2017\/03\/kitesurfen-bij-camping-itsoal-workum-Friesland-352x198.jpg\" class=\"card-img-top  portfolio-grid__card-img wp-post-image\" alt=\"\" srcset=\"https:\/\/kitemobile.nl\/wp-content\/uploads\/2017\/03\/kitesurfen-bij-camping-itsoal-workum-Friesland-352x198.jpg 352w, https:\/\/kitemobile.nl\/wp-content\/uploads\/2017\/03\/kitesurfen-bij-camping-itsoal-workum-Friesland-300x168.jpg 300w, https:\/\/kitemobile.nl\/wp-content\/uploads\/2017\/03\/kitesurfen-bij-camping-itsoal-workum-Friesland-768x431.jpg 768w, https:\/\/kitemobile.nl\/wp-content\/uploads\/2017\/03\/kitesurfen-bij-camping-itsoal-workum-Friesland-540x303.jpg 540w, https:\/\/kitemobile.nl\/wp-content\/uploads\/2017\/03\/kitesurfen-bij-camping-itsoal-workum-Friesland-360x204.jpg 360w, https:\/\/kitemobile.nl\/wp-content\/uploads\/2017\/03\/kitesurfen-bij-camping-itsoal-workum-Friesland.jpg 960w\" sizes=\"auto, (max-width: 352px) 100vw, 352px\" \/>\t\t\t\t\t<div class=\"card-block  portfolio-grid__card-block\">\n\t\t\t\t\t\t\t\t\t\t\t\t\t<p class=\"portfolio-grid__card-price\">\u20ac205<\/p>\n\t\t\t\t\t\t\t\t\t\t\t\t<h5 class=\"card-title  portfolio-grid__card-title\">5 Stunde Unterricht + 1 Camping \u00dcbernachtung<\/h5>\n\t\t\t\t\t\t\t\t\t\t\t<\/div>\n\t\t\t\t<\/a>\n\t\t\t<\/div>\n\t\t\t\t\t\t<div class=\"col-xs-12  col-sm-6  col-lg-3  js-wpg-item\" data-categories=\"kitesurf-wochenende,urlaub\">\n\t\t\t\t<a class=\"card  portfolio-grid__card  js-wpg-card\" href=\"https:\/\/kitemobile.nl\/de\/portfolio\/10-uur-kitesurfles\/\">\n\t\t\t\t\t<img loading=\"lazy\" decoding=\"async\" width=\"352\" height=\"198\" src=\"https:\/\/kitemobile.nl\/wp-content\/uploads\/2017\/04\/luchtfoto_groen-352x198.jpg\" class=\"card-img-top  portfolio-grid__card-img wp-post-image\" alt=\"Camping am ijsselmeer\" srcset=\"https:\/\/kitemobile.nl\/wp-content\/uploads\/2017\/04\/luchtfoto_groen-352x198.jpg 352w, https:\/\/kitemobile.nl\/wp-content\/uploads\/2017\/04\/luchtfoto_groen-360x204.jpg 360w\" sizes=\"auto, (max-width: 352px) 100vw, 352px\" \/>\t\t\t\t\t<div class=\"card-block  portfolio-grid__card-block\">\n\t\t\t\t\t\t\t\t\t\t\t\t\t<p class=\"portfolio-grid__card-price\">\u20ac299<\/p>\n\t\t\t\t\t\t\t\t\t\t\t\t<h5 class=\"card-title  portfolio-grid__card-title\">Kite Grundschein + \u00dcbernachtung<\/h5>\n\t\t\t\t\t\t\t\t\t\t\t<\/div>\n\t\t\t\t<\/a>\n\t\t\t<\/div>\n\t\t\t\t\t\t\t\t\t\t<\/div>\n\t\t\t\t\t\t<\/div>\n\t\t\t\t\t<\/div>\n\t\t\t\t\t<\/div><\/div><\/div><\/div>","protected":false},"excerpt":{"rendered":"<p>KiteMobile bietet das ganze Jahr \u00fcber verschiedene Kite Ferien an. Wir glauben an das Lernen durch Erfahrung und durch all die verschiedenen Bedingungen und dann kommt da jedes Mal noch eine neue Erfahrung dazu. Mit der richtigen F\u00fchrung wird aus dir ein besserer Kitesurfer. Wir bieten Ferien auf verschiedenem Niveau an. Ferien f\u00fcr Anf\u00e4nger in warme und tropische Erholungsorte bis KITE GUIDING und downwinder auf Ameland f\u00fcr die fortgeschrittenen Kitesurfer. Betrachtet unser Angebot und erlebt wahres KITE ABENTEUER mit uns !<\/p>\n","protected":false},"author":1,"featured_media":0,"parent":0,"menu_order":0,"comment_status":"closed","ping_status":"closed","template":"","meta":{"_acf_changed":false,"footnotes":""},"class_list":["post-1943","page","type-page","status-publish","hentry","clearfix"],"acf":[],"yoast_head":"<!-- This site is optimized with the Yoast SEO plugin v27.3 - https:\/\/yoast.com\/product\/yoast-seo-wordpress\/ -->\n<title>Kite Reisen Holland NORTH Test Center Knietiefen Wasser. 2P pro Lehrer<\/title>\n<meta name=\"description\" content=\"Kiteschule KiteMobile bietet verschiedene Kite Reisen an. Du lernst im knietiefen Wasser vom VDWS-zertifizierten Lehrerteam. North Kiteboarding AUSR\u00dcSTUNG\" \/>\n<meta name=\"robots\" content=\"index, follow, max-snippet:-1, max-image-preview:large, max-video-preview:-1\" \/>\n<link rel=\"canonical\" href=\"https:\/\/kitemobile.nl\/de\/reisen-holland-kitesurfen-north-kiteboarding-test-center-schule-stehrevier-workum\/\" \/>\n<meta property=\"og:locale\" content=\"de_DE\" \/>\n<meta property=\"og:type\" content=\"article\" \/>\n<meta property=\"og:title\" content=\"Kite Reisen Holland NORTH Test Center Knietiefen Wasser. 2P pro Lehrer\" \/>\n<meta property=\"og:description\" content=\"Kiteschule KiteMobile bietet verschiedene Kite Reisen an. Du lernst im knietiefen Wasser vom VDWS-zertifizierten Lehrerteam. North Kiteboarding AUSR\u00dcSTUNG\" \/>\n<meta property=\"og:url\" content=\"https:\/\/kitemobile.nl\/de\/reisen-holland-kitesurfen-north-kiteboarding-test-center-schule-stehrevier-workum\/\" \/>\n<meta property=\"og:site_name\" content=\"KiteMobile\" \/>\n<meta property=\"article:publisher\" content=\"https:\/\/www.facebook.com\/kitesurfschool.kitemobile\/\" \/>\n<meta property=\"article:modified_time\" content=\"2020-06-15T20:44:24+00:00\" \/>\n<meta property=\"og:image\" content=\"https:\/\/kitemobile.nl\/wp-content\/uploads\/2016\/06\/Schermafbeelding-2017-05-17-om-09.55.11-300x300.png\" \/>\n<meta name=\"twitter:card\" content=\"summary_large_image\" \/>\n<meta name=\"twitter:site\" content=\"@kitemobile\" \/>\n<meta name=\"twitter:label1\" content=\"Gesch\u00e4tzte Lesezeit\" \/>\n\t<meta name=\"twitter:data1\" content=\"1\u00a0Minute\" \/>\n<script type=\"application\/ld+json\" class=\"yoast-schema-graph\">{\"@context\":\"https:\\\/\\\/schema.org\",\"@graph\":[{\"@type\":\"WebPage\",\"@id\":\"https:\\\/\\\/kitemobile.nl\\\/de\\\/reisen-holland-kitesurfen-north-kiteboarding-test-center-schule-stehrevier-workum\\\/\",\"url\":\"https:\\\/\\\/kitemobile.nl\\\/de\\\/reisen-holland-kitesurfen-north-kiteboarding-test-center-schule-stehrevier-workum\\\/\",\"name\":\"Kite Reisen Holland NORTH Test Center Knietiefen Wasser. 2P pro Lehrer\",\"isPartOf\":{\"@id\":\"https:\\\/\\\/kitemobile.nl\\\/#website\"},\"primaryImageOfPage\":{\"@id\":\"https:\\\/\\\/kitemobile.nl\\\/de\\\/reisen-holland-kitesurfen-north-kiteboarding-test-center-schule-stehrevier-workum\\\/#primaryimage\"},\"image\":{\"@id\":\"https:\\\/\\\/kitemobile.nl\\\/de\\\/reisen-holland-kitesurfen-north-kiteboarding-test-center-schule-stehrevier-workum\\\/#primaryimage\"},\"thumbnailUrl\":\"https:\\\/\\\/kitemobile.nl\\\/wp-content\\\/uploads\\\/2016\\\/06\\\/Schermafbeelding-2017-05-17-om-09.55.11-300x300.png\",\"datePublished\":\"2016-06-14T10:49:08+00:00\",\"dateModified\":\"2020-06-15T20:44:24+00:00\",\"description\":\"Kiteschule KiteMobile bietet verschiedene Kite Reisen an. Du lernst im knietiefen Wasser vom VDWS-zertifizierten Lehrerteam. North Kiteboarding AUSR\u00dcSTUNG\",\"breadcrumb\":{\"@id\":\"https:\\\/\\\/kitemobile.nl\\\/de\\\/reisen-holland-kitesurfen-north-kiteboarding-test-center-schule-stehrevier-workum\\\/#breadcrumb\"},\"inLanguage\":\"de\",\"potentialAction\":[{\"@type\":\"ReadAction\",\"target\":[\"https:\\\/\\\/kitemobile.nl\\\/de\\\/reisen-holland-kitesurfen-north-kiteboarding-test-center-schule-stehrevier-workum\\\/\"]}]},{\"@type\":\"ImageObject\",\"inLanguage\":\"de\",\"@id\":\"https:\\\/\\\/kitemobile.nl\\\/de\\\/reisen-holland-kitesurfen-north-kiteboarding-test-center-schule-stehrevier-workum\\\/#primaryimage\",\"url\":\"https:\\\/\\\/kitemobile.nl\\\/wp-content\\\/uploads\\\/2016\\\/06\\\/Schermafbeelding-2017-05-17-om-09.55.11-300x300.png\",\"contentUrl\":\"https:\\\/\\\/kitemobile.nl\\\/wp-content\\\/uploads\\\/2016\\\/06\\\/Schermafbeelding-2017-05-17-om-09.55.11-300x300.png\"},{\"@type\":\"BreadcrumbList\",\"@id\":\"https:\\\/\\\/kitemobile.nl\\\/de\\\/reisen-holland-kitesurfen-north-kiteboarding-test-center-schule-stehrevier-workum\\\/#breadcrumb\",\"itemListElement\":[{\"@type\":\"ListItem\",\"position\":1,\"name\":\"Home\",\"item\":\"https:\\\/\\\/kitemobile.nl\\\/de\\\/\"},{\"@type\":\"ListItem\",\"position\":2,\"name\":\"Reisen\"}]},{\"@type\":\"WebSite\",\"@id\":\"https:\\\/\\\/kitemobile.nl\\\/#website\",\"url\":\"https:\\\/\\\/kitemobile.nl\\\/\",\"name\":\"KiteMobile\",\"description\":\"Kitesurfschool KiteMobile is het adres voor kitesurfles\",\"publisher\":{\"@id\":\"https:\\\/\\\/kitemobile.nl\\\/#organization\"},\"potentialAction\":[{\"@type\":\"SearchAction\",\"target\":{\"@type\":\"EntryPoint\",\"urlTemplate\":\"https:\\\/\\\/kitemobile.nl\\\/?s={search_term_string}\"},\"query-input\":{\"@type\":\"PropertyValueSpecification\",\"valueRequired\":true,\"valueName\":\"search_term_string\"}}],\"inLanguage\":\"de\"},{\"@type\":\"Organization\",\"@id\":\"https:\\\/\\\/kitemobile.nl\\\/#organization\",\"name\":\"KiteMobile\",\"url\":\"https:\\\/\\\/kitemobile.nl\\\/\",\"logo\":{\"@type\":\"ImageObject\",\"inLanguage\":\"de\",\"@id\":\"https:\\\/\\\/kitemobile.nl\\\/#\\\/schema\\\/logo\\\/image\\\/\",\"url\":\"https:\\\/\\\/kitemobile.nl\\\/wp-content\\\/uploads\\\/2017\\\/12\\\/kitemobile-small.png\",\"contentUrl\":\"https:\\\/\\\/kitemobile.nl\\\/wp-content\\\/uploads\\\/2017\\\/12\\\/kitemobile-small.png\",\"width\":200,\"height\":200,\"caption\":\"KiteMobile\"},\"image\":{\"@id\":\"https:\\\/\\\/kitemobile.nl\\\/#\\\/schema\\\/logo\\\/image\\\/\"},\"sameAs\":[\"https:\\\/\\\/www.facebook.com\\\/kitesurfschool.kitemobile\\\/\",\"https:\\\/\\\/x.com\\\/kitemobile\",\"https:\\\/\\\/www.instagram.com\\\/kitesurfschool_kitemobile\\\/\",\"https:\\\/\\\/www.youtube.com\\\/channel\\\/UC3UcLZGJGnY-0suc_l0nWvA\"]}]}<\/script>\n<!-- \/ Yoast SEO plugin. -->","yoast_head_json":{"title":"Kite Reisen Holland NORTH Test Center Knietiefen Wasser. 2P pro Lehrer","description":"Kiteschule KiteMobile bietet verschiedene Kite Reisen an. Du lernst im knietiefen Wasser vom VDWS-zertifizierten Lehrerteam. North Kiteboarding AUSR\u00dcSTUNG","robots":{"index":"index","follow":"follow","max-snippet":"max-snippet:-1","max-image-preview":"max-image-preview:large","max-video-preview":"max-video-preview:-1"},"canonical":"https:\/\/kitemobile.nl\/de\/reisen-holland-kitesurfen-north-kiteboarding-test-center-schule-stehrevier-workum\/","og_locale":"de_DE","og_type":"article","og_title":"Kite Reisen Holland NORTH Test Center Knietiefen Wasser. 2P pro Lehrer","og_description":"Kiteschule KiteMobile bietet verschiedene Kite Reisen an. Du lernst im knietiefen Wasser vom VDWS-zertifizierten Lehrerteam. North Kiteboarding AUSR\u00dcSTUNG","og_url":"https:\/\/kitemobile.nl\/de\/reisen-holland-kitesurfen-north-kiteboarding-test-center-schule-stehrevier-workum\/","og_site_name":"KiteMobile","article_publisher":"https:\/\/www.facebook.com\/kitesurfschool.kitemobile\/","article_modified_time":"2020-06-15T20:44:24+00:00","og_image":[{"url":"https:\/\/kitemobile.nl\/wp-content\/uploads\/2016\/06\/Schermafbeelding-2017-05-17-om-09.55.11-300x300.png","type":"","width":"","height":""}],"twitter_card":"summary_large_image","twitter_site":"@kitemobile","twitter_misc":{"Gesch\u00e4tzte Lesezeit":"1\u00a0Minute"},"schema":{"@context":"https:\/\/schema.org","@graph":[{"@type":"WebPage","@id":"https:\/\/kitemobile.nl\/de\/reisen-holland-kitesurfen-north-kiteboarding-test-center-schule-stehrevier-workum\/","url":"https:\/\/kitemobile.nl\/de\/reisen-holland-kitesurfen-north-kiteboarding-test-center-schule-stehrevier-workum\/","name":"Kite Reisen Holland NORTH Test Center Knietiefen Wasser. 2P pro Lehrer","isPartOf":{"@id":"https:\/\/kitemobile.nl\/#website"},"primaryImageOfPage":{"@id":"https:\/\/kitemobile.nl\/de\/reisen-holland-kitesurfen-north-kiteboarding-test-center-schule-stehrevier-workum\/#primaryimage"},"image":{"@id":"https:\/\/kitemobile.nl\/de\/reisen-holland-kitesurfen-north-kiteboarding-test-center-schule-stehrevier-workum\/#primaryimage"},"thumbnailUrl":"https:\/\/kitemobile.nl\/wp-content\/uploads\/2016\/06\/Schermafbeelding-2017-05-17-om-09.55.11-300x300.png","datePublished":"2016-06-14T10:49:08+00:00","dateModified":"2020-06-15T20:44:24+00:00","description":"Kiteschule KiteMobile bietet verschiedene Kite Reisen an. Du lernst im knietiefen Wasser vom VDWS-zertifizierten Lehrerteam. North Kiteboarding AUSR\u00dcSTUNG","breadcrumb":{"@id":"https:\/\/kitemobile.nl\/de\/reisen-holland-kitesurfen-north-kiteboarding-test-center-schule-stehrevier-workum\/#breadcrumb"},"inLanguage":"de","potentialAction":[{"@type":"ReadAction","target":["https:\/\/kitemobile.nl\/de\/reisen-holland-kitesurfen-north-kiteboarding-test-center-schule-stehrevier-workum\/"]}]},{"@type":"ImageObject","inLanguage":"de","@id":"https:\/\/kitemobile.nl\/de\/reisen-holland-kitesurfen-north-kiteboarding-test-center-schule-stehrevier-workum\/#primaryimage","url":"https:\/\/kitemobile.nl\/wp-content\/uploads\/2016\/06\/Schermafbeelding-2017-05-17-om-09.55.11-300x300.png","contentUrl":"https:\/\/kitemobile.nl\/wp-content\/uploads\/2016\/06\/Schermafbeelding-2017-05-17-om-09.55.11-300x300.png"},{"@type":"BreadcrumbList","@id":"https:\/\/kitemobile.nl\/de\/reisen-holland-kitesurfen-north-kiteboarding-test-center-schule-stehrevier-workum\/#breadcrumb","itemListElement":[{"@type":"ListItem","position":1,"name":"Home","item":"https:\/\/kitemobile.nl\/de\/"},{"@type":"ListItem","position":2,"name":"Reisen"}]},{"@type":"WebSite","@id":"https:\/\/kitemobile.nl\/#website","url":"https:\/\/kitemobile.nl\/","name":"KiteMobile","description":"Kitesurfschool KiteMobile is het adres voor kitesurfles","publisher":{"@id":"https:\/\/kitemobile.nl\/#organization"},"potentialAction":[{"@type":"SearchAction","target":{"@type":"EntryPoint","urlTemplate":"https:\/\/kitemobile.nl\/?s={search_term_string}"},"query-input":{"@type":"PropertyValueSpecification","valueRequired":true,"valueName":"search_term_string"}}],"inLanguage":"de"},{"@type":"Organization","@id":"https:\/\/kitemobile.nl\/#organization","name":"KiteMobile","url":"https:\/\/kitemobile.nl\/","logo":{"@type":"ImageObject","inLanguage":"de","@id":"https:\/\/kitemobile.nl\/#\/schema\/logo\/image\/","url":"https:\/\/kitemobile.nl\/wp-content\/uploads\/2017\/12\/kitemobile-small.png","contentUrl":"https:\/\/kitemobile.nl\/wp-content\/uploads\/2017\/12\/kitemobile-small.png","width":200,"height":200,"caption":"KiteMobile"},"image":{"@id":"https:\/\/kitemobile.nl\/#\/schema\/logo\/image\/"},"sameAs":["https:\/\/www.facebook.com\/kitesurfschool.kitemobile\/","https:\/\/x.com\/kitemobile","https:\/\/www.instagram.com\/kitesurfschool_kitemobile\/","https:\/\/www.youtube.com\/channel\/UC3UcLZGJGnY-0suc_l0nWvA"]}]}},"_links":{"self":[{"href":"https:\/\/kitemobile.nl\/de\/wp-json\/wp\/v2\/pages\/1943","targetHints":{"allow":["GET"]}}],"collection":[{"href":"https:\/\/kitemobile.nl\/de\/wp-json\/wp\/v2\/pages"}],"about":[{"href":"https:\/\/kitemobile.nl\/de\/wp-json\/wp\/v2\/types\/page"}],"author":[{"embeddable":true,"href":"https:\/\/kitemobile.nl\/de\/wp-json\/wp\/v2\/users\/1"}],"replies":[{"embeddable":true,"href":"https:\/\/kitemobile.nl\/de\/wp-json\/wp\/v2\/comments?post=1943"}],"version-history":[{"count":41,"href":"https:\/\/kitemobile.nl\/de\/wp-json\/wp\/v2\/pages\/1943\/revisions"}],"predecessor-version":[{"id":7551,"href":"https:\/\/kitemobile.nl\/de\/wp-json\/wp\/v2\/pages\/1943\/revisions\/7551"}],"wp:attachment":[{"href":"https:\/\/kitemobile.nl\/de\/wp-json\/wp\/v2\/media?parent=1943"}],"curies":[{"name":"wp","href":"https:\/\/api.w.org\/{rel}","templated":true}]}}