{"id":2169,"date":"2016-05-18T09:20:03","date_gmt":"2016-05-18T07:20:03","guid":{"rendered":"http:\/\/kitemobile.nl\/kitesurfles\/"},"modified":"2024-04-20T20:12:32","modified_gmt":"2024-04-20T18:12:32","slug":"kitesurfen-lernen-holland-workum-friesland-stehrevier-north-surf-center-2-personen-pro-lehrer","status":"publish","type":"page","link":"https:\/\/kitemobile.nl\/de\/kitesurfen-lernen-holland-workum-friesland-stehrevier-north-surf-center-2-personen-pro-lehrer\/","title":{"rendered":"Kitesurfen Lernen"},"content":{"rendered":"<div id=\"pl-2169\"  class=\"panel-layout\" ><div id=\"pg-2169-0\"  class=\"panel-grid panel-no-style\" ><div id=\"pgc-2169-0-0\"  class=\"panel-grid-cell\" ><div id=\"panel-2169-0-0-0\" class=\"so-panel widget widget_sow-editor panel-first-child panel-last-child\" data-index=\"0\" ><div\n\t\t\t\n\t\t\tclass=\"so-widget-sow-editor so-widget-sow-editor-base\"\n\t\t\t\n\t\t>\n<div class=\"siteorigin-widget-tinymce textwidget\">\n\t<h4>Kiteschule seit 2000<\/h4>\n<p><strong>Nur kleine Gruppe pro Lehrer<\/strong><\/p>\n<p>Der Unterricht bei KITEMOBILE bedeutet Spa\u00df und gibt Sicherheit. Wir unterrichten in der N\u00e4he der Stadt Workum, Friesland und auf Watteninsel Ameland. Beides ein untiefes \u00a0wasser Kitezone.\u00a0Wir haben Vertrauen in die Aufgeschlossenheit des KITESURFENS. Die Voraussetzung dazu ist der Unterricht der ausgebildeten Lehrer, die mit den neuesten Materialen in untiefem Wasser unterrichten. All unsere Lehrer absolvieren ihre Lehrerausbildung. Sie sind diejenigen, die den Kitesurfpass des Wassersportverbandes ausf\u00fcllen. Nur so k\u00f6nnen wir die Sicherheit gew\u00e4hrleisten und eine optimale KITESURFBASIS schaffen.<\/p>\n<p>Online Buchung: <a href=\"https:\/\/kitemobile.nl\/book\/?lang=de\">kitemobile.nl\/book<\/a><\/p>\n<\/div>\n<\/div><\/div><\/div><div id=\"pgc-2169-0-1\"  class=\"panel-grid-cell\" ><div id=\"panel-2169-0-1-0\" class=\"so-panel widget widget_sow-editor panel-first-child panel-last-child\" data-index=\"1\" ><div class=\"panel-widget-style panel-widget-style-for-2169-0-1-0\" ><div\n\t\t\t\n\t\t\tclass=\"so-widget-sow-editor so-widget-sow-editor-base\"\n\t\t\t\n\t\t>\n<div class=\"siteorigin-widget-tinymce textwidget\">\n\t<figure id=\"attachment_9049\" aria-describedby=\"caption-attachment-9049\" style=\"width: 300px\" class=\"wp-caption alignnone\"><img loading=\"lazy\" decoding=\"async\" class=\"size-medium wp-image-9049\" src=\"https:\/\/kitemobile.nl\/wp-content\/uploads\/2023\/02\/Kitesurfles_friesland_kitemobile_kitesurfschool-300x300.jpg\" alt=\"Kitesurfen_les_Workum_Friesland\" width=\"300\" height=\"300\" srcset=\"https:\/\/kitemobile.nl\/wp-content\/uploads\/2023\/02\/Kitesurfles_friesland_kitemobile_kitesurfschool-300x300.jpg 300w, https:\/\/kitemobile.nl\/wp-content\/uploads\/2023\/02\/Kitesurfles_friesland_kitemobile_kitesurfschool-150x150.jpg 150w, https:\/\/kitemobile.nl\/wp-content\/uploads\/2023\/02\/Kitesurfles_friesland_kitemobile_kitesurfschool-768x768.jpg 768w, https:\/\/kitemobile.nl\/wp-content\/uploads\/2023\/02\/Kitesurfles_friesland_kitemobile_kitesurfschool-540x540.jpg 540w, https:\/\/kitemobile.nl\/wp-content\/uploads\/2023\/02\/Kitesurfles_friesland_kitemobile_kitesurfschool.jpg 900w\" sizes=\"auto, (max-width: 300px) 100vw, 300px\" \/><figcaption id=\"caption-attachment-9049\" class=\"wp-caption-text\"><span style=\"color: #000000;\">Kitesurfen Lernen im Stehrevier<\/span><\/figcaption><\/figure>\n<\/div>\n<\/div><\/div><\/div><\/div><\/div><div id=\"pg-2169-1\"  class=\"panel-grid panel-no-style\" ><div id=\"pgc-2169-1-0\"  class=\"panel-grid-cell panel-grid-cell-empty panel-grid-cell-mobile-last\" ><\/div><div id=\"pgc-2169-1-1\"  class=\"panel-grid-cell panel-grid-cell-empty\" ><\/div><\/div><div id=\"pg-2169-2\"  class=\"panel-grid panel-no-style\" ><div id=\"pgc-2169-2-0\"  class=\"panel-grid-cell\" ><div id=\"panel-2169-2-0-0\" class=\"so-panel widget widget_pw_featured_page widget-featured-page panel-first-child panel-last-child\" data-index=\"2\" >\n\t<div class=\"page-box  page-box--block\">\n\t\t\t\t<div class=\"page-box__content\">\n\t\t\t<h4 class=\"page-box__title\"><a href=\"https:\/\/kitemobile.nl\/de\/kitesurfen-lernen-holland-workum-friesland-stehrevier-north-surf-center-2-personen-pro-lehrer\/schnupper-kurs-kitesurfen-stehrevier-holland-workum\/\">Schnupperkurs  Kitesurfen<\/a><\/h4>\n\t\t\t<p class=\"page-box__text\">Snupperkurs kitesurfen im Holland am beste Kiterevier Workum. Camping am wasser. Stehrevier - nur kleine Gruppe pro Lehrer. Kitesurf schule KiteMobile &hellip;<\/p>\n\t\t\t\t\t\t\t<a href=\"https:\/\/kitemobile.nl\/de\/kitesurfen-lernen-holland-workum-friesland-stehrevier-north-surf-center-2-personen-pro-lehrer\/schnupper-kurs-kitesurfen-stehrevier-holland-workum\/\" class=\"page-box__more-link\">Lees meer<\/a>\n\t\t\t\t\t<\/div>\n\t<\/div>\n\n<\/div><\/div><div id=\"pgc-2169-2-1\"  class=\"panel-grid-cell\" ><div id=\"panel-2169-2-1-0\" class=\"so-panel widget widget_pw_featured_page widget-featured-page panel-first-child panel-last-child\" data-index=\"3\" >\n\t<div class=\"page-box  page-box--block\">\n\t\t\t\t<div class=\"page-box__content\">\n\t\t\t<h4 class=\"page-box__title\"><a href=\"https:\/\/kitemobile.nl\/de\/kitesurfen-lernen-holland-workum-friesland-stehrevier-north-surf-center-2-personen-pro-lehrer\/kite-surfen-lizenz-gruppe-2-personen\/\">Grundkurs<\/a><\/h4>\n\t\t\t<p class=\"page-box__text\">Ich das Zertifikat holen , um sicherer, leichter und schneller kitesurfen zu lernen. Nur kleine Gruppe pro Lehrer.\r\nIn diesem 10 st\u00fcndigen Kurs &hellip;<\/p>\n\t\t\t\t\t\t\t<a href=\"https:\/\/kitemobile.nl\/de\/kitesurfen-lernen-holland-workum-friesland-stehrevier-north-surf-center-2-personen-pro-lehrer\/kite-surfen-lizenz-gruppe-2-personen\/\" class=\"page-box__more-link\">Lees meer<\/a>\n\t\t\t\t\t<\/div>\n\t<\/div>\n\n<\/div><\/div><div id=\"pgc-2169-2-2\"  class=\"panel-grid-cell\" ><div id=\"panel-2169-2-2-0\" class=\"so-panel widget widget_pw_featured_page widget-featured-page panel-first-child panel-last-child\" data-index=\"4\" >\n\t<div class=\"page-box  page-box--block\">\n\t\t\t\t<div class=\"page-box__content\">\n\t\t\t<h4 class=\"page-box__title\"><a href=\"https:\/\/kitemobile.nl\/de\/privat-unterricht-kitesurfen-holland-workum\/\">Privat Unterricht<\/a><\/h4>\n\t\t\t<p class=\"page-box__text\">Einen individuellen Kitesurf Unterricht mit deinem eigenen Kite Material zu haben, bedeutet  mehr Aufmerksamkeit pro person.<\/p>\n\t\t\t\t\t\t\t<a href=\"https:\/\/kitemobile.nl\/de\/privat-unterricht-kitesurfen-holland-workum\/\" class=\"page-box__more-link\">Lees meer<\/a>\n\t\t\t\t\t<\/div>\n\t<\/div>\n\n<\/div><\/div><div id=\"pgc-2169-2-3\"  class=\"panel-grid-cell\" ><div id=\"panel-2169-2-3-0\" class=\"so-panel widget widget_pw_featured_page widget-featured-page panel-first-child panel-last-child\" data-index=\"5\" >\n\t<div class=\"page-box  page-box--block\">\n\t\t\t\t<div class=\"page-box__content\">\n\t\t\t<h4 class=\"page-box__title\"><a href=\"https:\/\/kitemobile.nl\/de\/kitesurfen-lernen-holland-workum-friesland-stehrevier-north-surf-center-2-personen-pro-lehrer\/kite-verleih-test-holland-workum-ijsselmeer-friesland-kitemobile\/\">Verleih &amp; TestCenter<\/a><\/h4>\n\t\t\t<p class=\"page-box__text\">Duotone Kiteboarding Center im Workum, Holland. KiteMobile is ein kiteschule und Verleih &amp; Test Center seit 2000. Workum ist ein Stehrevier. &hellip;<\/p>\n\t\t\t\t\t\t\t<a href=\"https:\/\/kitemobile.nl\/de\/kitesurfen-lernen-holland-workum-friesland-stehrevier-north-surf-center-2-personen-pro-lehrer\/kite-verleih-test-holland-workum-ijsselmeer-friesland-kitemobile\/\" class=\"page-box__more-link\">Lees meer<\/a>\n\t\t\t\t\t<\/div>\n\t<\/div>\n\n<\/div><\/div><div id=\"pgc-2169-2-4\"  class=\"panel-grid-cell\" ><div id=\"panel-2169-2-4-0\" class=\"so-panel widget widget_pw_featured_page widget-featured-page panel-first-child panel-last-child\" data-index=\"6\" >\n\t<div class=\"page-box  page-box--block\">\n\t\t\t\t<div class=\"page-box__content\">\n\t\t\t<h4 class=\"page-box__title\"><a href=\"https:\/\/kitemobile.nl\/de\/kitesurfen-lernen-holland-workum-friesland-stehrevier-north-surf-center-2-personen-pro-lehrer\/master-class-workum-sicherheit-tiefes-wasser-20-knoten-airstyle-kids-unhooked-skim-workshop\/\">MasterClass<\/a><\/h4>\n\t\t\t<p class=\"page-box__text\">Die Master Classes sind spezielle Workshops f\u00fcr die fortschrittlichen Kitesurfer. Die Workshops sind in verschiedene Themen aufgeteilt. Tiefes &hellip;<\/p>\n\t\t\t\t\t\t\t<a href=\"https:\/\/kitemobile.nl\/de\/kitesurfen-lernen-holland-workum-friesland-stehrevier-north-surf-center-2-personen-pro-lehrer\/master-class-workum-sicherheit-tiefes-wasser-20-knoten-airstyle-kids-unhooked-skim-workshop\/\" class=\"page-box__more-link\">Lees meer<\/a>\n\t\t\t\t\t<\/div>\n\t<\/div>\n\n<\/div><\/div><\/div><\/div>","protected":false},"excerpt":{"rendered":"<p>Kitesurfen lernen Workum. Camping am Wasser. Nur Gruppe von 2 personen pro Lehrer. Untiefes wasser und North Kiteboarding material. <\/p>\n","protected":false},"author":1,"featured_media":0,"parent":0,"menu_order":0,"comment_status":"closed","ping_status":"closed","template":"","meta":{"_acf_changed":false,"footnotes":""},"class_list":["post-2169","page","type-page","status-publish","hentry","clearfix"],"acf":[],"yoast_head":"<!-- This site is optimized with the Yoast SEO plugin v27.3 - https:\/\/yoast.com\/product\/yoast-seo-wordpress\/ -->\n<title>KITESURFEN lernen Stehrevier Workum. Gruppe 2 personen pro Lehrer.<\/title>\n<meta name=\"description\" content=\"KITESURFEN lernen IM STEHREVIER Workum. NUR Gruppe 2 personen pro Lehrer. VDWS SCHULE AM IJSSELMEER. DIPLOMIERTE INSTRUCTORS NORTH KITEBOARDING SURF CENTER\" \/>\n<meta name=\"robots\" content=\"index, follow, max-snippet:-1, max-image-preview:large, max-video-preview:-1\" \/>\n<link rel=\"canonical\" href=\"https:\/\/kitemobile.nl\/de\/kitesurfen-lernen-holland-workum-friesland-stehrevier-north-surf-center-2-personen-pro-lehrer\/\" \/>\n<meta property=\"og:locale\" content=\"de_DE\" \/>\n<meta property=\"og:type\" content=\"article\" \/>\n<meta property=\"og:title\" content=\"KITESURFEN lernen Stehrevier Workum. Gruppe 2 personen pro Lehrer.\" \/>\n<meta property=\"og:description\" content=\"KITESURFEN lernen IM STEHREVIER Workum. NUR Gruppe 2 personen pro Lehrer. VDWS SCHULE AM IJSSELMEER. DIPLOMIERTE INSTRUCTORS NORTH KITEBOARDING SURF CENTER\" \/>\n<meta property=\"og:url\" content=\"https:\/\/kitemobile.nl\/de\/kitesurfen-lernen-holland-workum-friesland-stehrevier-north-surf-center-2-personen-pro-lehrer\/\" \/>\n<meta property=\"og:site_name\" content=\"KiteMobile\" \/>\n<meta property=\"article:publisher\" content=\"https:\/\/www.facebook.com\/kitesurfschool.kitemobile\/\" \/>\n<meta property=\"article:modified_time\" content=\"2024-04-20T18:12:32+00:00\" \/>\n<meta property=\"og:image\" content=\"https:\/\/kitemobile.nl\/wp-content\/uploads\/2023\/02\/Kitesurfles_friesland_kitemobile_kitesurfschool-300x300.jpg\" \/>\n<meta name=\"twitter:card\" content=\"summary_large_image\" \/>\n<meta name=\"twitter:site\" content=\"@kitemobile\" \/>\n<meta name=\"twitter:label1\" content=\"Gesch\u00e4tzte Lesezeit\" \/>\n\t<meta name=\"twitter:data1\" content=\"2\u00a0Minuten\" \/>\n<script type=\"application\/ld+json\" class=\"yoast-schema-graph\">{\"@context\":\"https:\\\/\\\/schema.org\",\"@graph\":[{\"@type\":\"WebPage\",\"@id\":\"https:\\\/\\\/kitemobile.nl\\\/de\\\/kitesurfen-lernen-holland-workum-friesland-stehrevier-north-surf-center-2-personen-pro-lehrer\\\/\",\"url\":\"https:\\\/\\\/kitemobile.nl\\\/de\\\/kitesurfen-lernen-holland-workum-friesland-stehrevier-north-surf-center-2-personen-pro-lehrer\\\/\",\"name\":\"KITESURFEN lernen Stehrevier Workum. Gruppe 2 personen pro Lehrer.\",\"isPartOf\":{\"@id\":\"https:\\\/\\\/kitemobile.nl\\\/#website\"},\"primaryImageOfPage\":{\"@id\":\"https:\\\/\\\/kitemobile.nl\\\/de\\\/kitesurfen-lernen-holland-workum-friesland-stehrevier-north-surf-center-2-personen-pro-lehrer\\\/#primaryimage\"},\"image\":{\"@id\":\"https:\\\/\\\/kitemobile.nl\\\/de\\\/kitesurfen-lernen-holland-workum-friesland-stehrevier-north-surf-center-2-personen-pro-lehrer\\\/#primaryimage\"},\"thumbnailUrl\":\"https:\\\/\\\/kitemobile.nl\\\/wp-content\\\/uploads\\\/2023\\\/02\\\/Kitesurfles_friesland_kitemobile_kitesurfschool-300x300.jpg\",\"datePublished\":\"2016-05-18T07:20:03+00:00\",\"dateModified\":\"2024-04-20T18:12:32+00:00\",\"description\":\"KITESURFEN lernen IM STEHREVIER Workum. NUR Gruppe 2 personen pro Lehrer. VDWS SCHULE AM IJSSELMEER. DIPLOMIERTE INSTRUCTORS NORTH KITEBOARDING SURF CENTER\",\"breadcrumb\":{\"@id\":\"https:\\\/\\\/kitemobile.nl\\\/de\\\/kitesurfen-lernen-holland-workum-friesland-stehrevier-north-surf-center-2-personen-pro-lehrer\\\/#breadcrumb\"},\"inLanguage\":\"de\",\"potentialAction\":[{\"@type\":\"ReadAction\",\"target\":[\"https:\\\/\\\/kitemobile.nl\\\/de\\\/kitesurfen-lernen-holland-workum-friesland-stehrevier-north-surf-center-2-personen-pro-lehrer\\\/\"]}]},{\"@type\":\"ImageObject\",\"inLanguage\":\"de\",\"@id\":\"https:\\\/\\\/kitemobile.nl\\\/de\\\/kitesurfen-lernen-holland-workum-friesland-stehrevier-north-surf-center-2-personen-pro-lehrer\\\/#primaryimage\",\"url\":\"https:\\\/\\\/kitemobile.nl\\\/wp-content\\\/uploads\\\/2023\\\/02\\\/Kitesurfles_friesland_kitemobile_kitesurfschool-300x300.jpg\",\"contentUrl\":\"https:\\\/\\\/kitemobile.nl\\\/wp-content\\\/uploads\\\/2023\\\/02\\\/Kitesurfles_friesland_kitemobile_kitesurfschool-300x300.jpg\"},{\"@type\":\"BreadcrumbList\",\"@id\":\"https:\\\/\\\/kitemobile.nl\\\/de\\\/kitesurfen-lernen-holland-workum-friesland-stehrevier-north-surf-center-2-personen-pro-lehrer\\\/#breadcrumb\",\"itemListElement\":[{\"@type\":\"ListItem\",\"position\":1,\"name\":\"Home\",\"item\":\"https:\\\/\\\/kitemobile.nl\\\/de\\\/\"},{\"@type\":\"ListItem\",\"position\":2,\"name\":\"Kitesurfen Lernen\"}]},{\"@type\":\"WebSite\",\"@id\":\"https:\\\/\\\/kitemobile.nl\\\/#website\",\"url\":\"https:\\\/\\\/kitemobile.nl\\\/\",\"name\":\"KiteMobile\",\"description\":\"Kitesurfschool KiteMobile is het adres voor kitesurfles\",\"publisher\":{\"@id\":\"https:\\\/\\\/kitemobile.nl\\\/#organization\"},\"potentialAction\":[{\"@type\":\"SearchAction\",\"target\":{\"@type\":\"EntryPoint\",\"urlTemplate\":\"https:\\\/\\\/kitemobile.nl\\\/?s={search_term_string}\"},\"query-input\":{\"@type\":\"PropertyValueSpecification\",\"valueRequired\":true,\"valueName\":\"search_term_string\"}}],\"inLanguage\":\"de\"},{\"@type\":\"Organization\",\"@id\":\"https:\\\/\\\/kitemobile.nl\\\/#organization\",\"name\":\"KiteMobile\",\"url\":\"https:\\\/\\\/kitemobile.nl\\\/\",\"logo\":{\"@type\":\"ImageObject\",\"inLanguage\":\"de\",\"@id\":\"https:\\\/\\\/kitemobile.nl\\\/#\\\/schema\\\/logo\\\/image\\\/\",\"url\":\"https:\\\/\\\/kitemobile.nl\\\/wp-content\\\/uploads\\\/2017\\\/12\\\/kitemobile-small.png\",\"contentUrl\":\"https:\\\/\\\/kitemobile.nl\\\/wp-content\\\/uploads\\\/2017\\\/12\\\/kitemobile-small.png\",\"width\":200,\"height\":200,\"caption\":\"KiteMobile\"},\"image\":{\"@id\":\"https:\\\/\\\/kitemobile.nl\\\/#\\\/schema\\\/logo\\\/image\\\/\"},\"sameAs\":[\"https:\\\/\\\/www.facebook.com\\\/kitesurfschool.kitemobile\\\/\",\"https:\\\/\\\/x.com\\\/kitemobile\",\"https:\\\/\\\/www.instagram.com\\\/kitesurfschool_kitemobile\\\/\",\"https:\\\/\\\/www.youtube.com\\\/channel\\\/UC3UcLZGJGnY-0suc_l0nWvA\"]}]}<\/script>\n<!-- \/ Yoast SEO plugin. -->","yoast_head_json":{"title":"KITESURFEN lernen Stehrevier Workum. Gruppe 2 personen pro Lehrer.","description":"KITESURFEN lernen IM STEHREVIER Workum. NUR Gruppe 2 personen pro Lehrer. VDWS SCHULE AM IJSSELMEER. DIPLOMIERTE INSTRUCTORS NORTH KITEBOARDING SURF CENTER","robots":{"index":"index","follow":"follow","max-snippet":"max-snippet:-1","max-image-preview":"max-image-preview:large","max-video-preview":"max-video-preview:-1"},"canonical":"https:\/\/kitemobile.nl\/de\/kitesurfen-lernen-holland-workum-friesland-stehrevier-north-surf-center-2-personen-pro-lehrer\/","og_locale":"de_DE","og_type":"article","og_title":"KITESURFEN lernen Stehrevier Workum. Gruppe 2 personen pro Lehrer.","og_description":"KITESURFEN lernen IM STEHREVIER Workum. NUR Gruppe 2 personen pro Lehrer. VDWS SCHULE AM IJSSELMEER. DIPLOMIERTE INSTRUCTORS NORTH KITEBOARDING SURF CENTER","og_url":"https:\/\/kitemobile.nl\/de\/kitesurfen-lernen-holland-workum-friesland-stehrevier-north-surf-center-2-personen-pro-lehrer\/","og_site_name":"KiteMobile","article_publisher":"https:\/\/www.facebook.com\/kitesurfschool.kitemobile\/","article_modified_time":"2024-04-20T18:12:32+00:00","og_image":[{"url":"https:\/\/kitemobile.nl\/wp-content\/uploads\/2023\/02\/Kitesurfles_friesland_kitemobile_kitesurfschool-300x300.jpg","type":"","width":"","height":""}],"twitter_card":"summary_large_image","twitter_site":"@kitemobile","twitter_misc":{"Gesch\u00e4tzte Lesezeit":"2\u00a0Minuten"},"schema":{"@context":"https:\/\/schema.org","@graph":[{"@type":"WebPage","@id":"https:\/\/kitemobile.nl\/de\/kitesurfen-lernen-holland-workum-friesland-stehrevier-north-surf-center-2-personen-pro-lehrer\/","url":"https:\/\/kitemobile.nl\/de\/kitesurfen-lernen-holland-workum-friesland-stehrevier-north-surf-center-2-personen-pro-lehrer\/","name":"KITESURFEN lernen Stehrevier Workum. Gruppe 2 personen pro Lehrer.","isPartOf":{"@id":"https:\/\/kitemobile.nl\/#website"},"primaryImageOfPage":{"@id":"https:\/\/kitemobile.nl\/de\/kitesurfen-lernen-holland-workum-friesland-stehrevier-north-surf-center-2-personen-pro-lehrer\/#primaryimage"},"image":{"@id":"https:\/\/kitemobile.nl\/de\/kitesurfen-lernen-holland-workum-friesland-stehrevier-north-surf-center-2-personen-pro-lehrer\/#primaryimage"},"thumbnailUrl":"https:\/\/kitemobile.nl\/wp-content\/uploads\/2023\/02\/Kitesurfles_friesland_kitemobile_kitesurfschool-300x300.jpg","datePublished":"2016-05-18T07:20:03+00:00","dateModified":"2024-04-20T18:12:32+00:00","description":"KITESURFEN lernen IM STEHREVIER Workum. NUR Gruppe 2 personen pro Lehrer. VDWS SCHULE AM IJSSELMEER. DIPLOMIERTE INSTRUCTORS NORTH KITEBOARDING SURF CENTER","breadcrumb":{"@id":"https:\/\/kitemobile.nl\/de\/kitesurfen-lernen-holland-workum-friesland-stehrevier-north-surf-center-2-personen-pro-lehrer\/#breadcrumb"},"inLanguage":"de","potentialAction":[{"@type":"ReadAction","target":["https:\/\/kitemobile.nl\/de\/kitesurfen-lernen-holland-workum-friesland-stehrevier-north-surf-center-2-personen-pro-lehrer\/"]}]},{"@type":"ImageObject","inLanguage":"de","@id":"https:\/\/kitemobile.nl\/de\/kitesurfen-lernen-holland-workum-friesland-stehrevier-north-surf-center-2-personen-pro-lehrer\/#primaryimage","url":"https:\/\/kitemobile.nl\/wp-content\/uploads\/2023\/02\/Kitesurfles_friesland_kitemobile_kitesurfschool-300x300.jpg","contentUrl":"https:\/\/kitemobile.nl\/wp-content\/uploads\/2023\/02\/Kitesurfles_friesland_kitemobile_kitesurfschool-300x300.jpg"},{"@type":"BreadcrumbList","@id":"https:\/\/kitemobile.nl\/de\/kitesurfen-lernen-holland-workum-friesland-stehrevier-north-surf-center-2-personen-pro-lehrer\/#breadcrumb","itemListElement":[{"@type":"ListItem","position":1,"name":"Home","item":"https:\/\/kitemobile.nl\/de\/"},{"@type":"ListItem","position":2,"name":"Kitesurfen Lernen"}]},{"@type":"WebSite","@id":"https:\/\/kitemobile.nl\/#website","url":"https:\/\/kitemobile.nl\/","name":"KiteMobile","description":"Kitesurfschool KiteMobile is het adres voor kitesurfles","publisher":{"@id":"https:\/\/kitemobile.nl\/#organization"},"potentialAction":[{"@type":"SearchAction","target":{"@type":"EntryPoint","urlTemplate":"https:\/\/kitemobile.nl\/?s={search_term_string}"},"query-input":{"@type":"PropertyValueSpecification","valueRequired":true,"valueName":"search_term_string"}}],"inLanguage":"de"},{"@type":"Organization","@id":"https:\/\/kitemobile.nl\/#organization","name":"KiteMobile","url":"https:\/\/kitemobile.nl\/","logo":{"@type":"ImageObject","inLanguage":"de","@id":"https:\/\/kitemobile.nl\/#\/schema\/logo\/image\/","url":"https:\/\/kitemobile.nl\/wp-content\/uploads\/2017\/12\/kitemobile-small.png","contentUrl":"https:\/\/kitemobile.nl\/wp-content\/uploads\/2017\/12\/kitemobile-small.png","width":200,"height":200,"caption":"KiteMobile"},"image":{"@id":"https:\/\/kitemobile.nl\/#\/schema\/logo\/image\/"},"sameAs":["https:\/\/www.facebook.com\/kitesurfschool.kitemobile\/","https:\/\/x.com\/kitemobile","https:\/\/www.instagram.com\/kitesurfschool_kitemobile\/","https:\/\/www.youtube.com\/channel\/UC3UcLZGJGnY-0suc_l0nWvA"]}]}},"_links":{"self":[{"href":"https:\/\/kitemobile.nl\/de\/wp-json\/wp\/v2\/pages\/2169","targetHints":{"allow":["GET"]}}],"collection":[{"href":"https:\/\/kitemobile.nl\/de\/wp-json\/wp\/v2\/pages"}],"about":[{"href":"https:\/\/kitemobile.nl\/de\/wp-json\/wp\/v2\/types\/page"}],"author":[{"embeddable":true,"href":"https:\/\/kitemobile.nl\/de\/wp-json\/wp\/v2\/users\/1"}],"replies":[{"embeddable":true,"href":"https:\/\/kitemobile.nl\/de\/wp-json\/wp\/v2\/comments?post=2169"}],"version-history":[{"count":30,"href":"https:\/\/kitemobile.nl\/de\/wp-json\/wp\/v2\/pages\/2169\/revisions"}],"predecessor-version":[{"id":9912,"href":"https:\/\/kitemobile.nl\/de\/wp-json\/wp\/v2\/pages\/2169\/revisions\/9912"}],"wp:attachment":[{"href":"https:\/\/kitemobile.nl\/de\/wp-json\/wp\/v2\/media?parent=2169"}],"curies":[{"name":"wp","href":"https:\/\/api.w.org\/{rel}","templated":true}]}}