{"id":2172,"date":"2017-03-24T09:24:17","date_gmt":"2017-03-24T08:24:17","guid":{"rendered":"http:\/\/kitemobile.nl\/kitesurfles\/huren-en-begeleid-huren\/"},"modified":"2026-03-30T22:38:20","modified_gmt":"2026-03-30T20:38:20","slug":"kite-verleih-test-holland-workum-ijsselmeer-friesland-kitemobile","status":"publish","type":"page","link":"https:\/\/kitemobile.nl\/de\/kitesurfen-lernen-holland-workum-friesland-stehrevier-north-surf-center-2-personen-pro-lehrer\/kite-verleih-test-holland-workum-ijsselmeer-friesland-kitemobile\/","title":{"rendered":"Verleih &#038; TestCenter"},"content":{"rendered":"<div id=\"pl-2172\"  class=\"panel-layout\" ><div id=\"pg-2172-0\"  class=\"panel-grid panel-no-style\" ><div id=\"pgc-2172-0-0\"  class=\"panel-grid-cell\" ><div id=\"panel-2172-0-0-0\" class=\"so-panel widget widget_sow-editor panel-first-child panel-last-child\" data-index=\"0\" ><div\n\t\t\t\n\t\t\tclass=\"so-widget-sow-editor so-widget-sow-editor-base\"\n\t\t\t\n\t\t><h3 class=\"widget-title\"><span class=\"widget-title__inline\">Kite-Verleih bei Duotone Kiteschool<\/span><\/h3>\n<div class=\"siteorigin-widget-tinymce textwidget\">\n\t<p>Kitesurfen mit dem neuesten Material ? K\u00f6nnen Sie schon surfen oder haben Sie den Kite Lizenz erworben ?<br \/>\nDann d\u00fcrfen Sie bei uns ein Kite\u00a0Material mieten. Bei KiteMobile k\u00f6nnen Sie die neuesten <strong>DUOTONE KITEBOARDING<\/strong> Kites mieten, pro 2,5 Stunde. Begleitetes Mieten? Das ist auch m\u00f6glich. Bei betreutem Mieten hilft ihnen ein Lehrer, wo immer auch n\u00f6tig. Das ist ideal, wenn Sie nicht g\u00e4nzlich mit ihren Ger\u00e4ten sicher sind. Wir haben auch an die Kinder gedacht, die noch extra Begleitung ben\u00f6tigen. Spezial kinder kites, bar und boards mit untiefes Wasser. Ideal um weiterhin zu \u00fcben.<\/p>\n<\/div>\n<\/div><\/div><\/div><div id=\"pgc-2172-0-1\"  class=\"panel-grid-cell\" ><div id=\"panel-2172-0-1-0\" class=\"so-panel widget widget_sow-editor panel-first-child panel-last-child\" data-index=\"1\" ><div\n\t\t\t\n\t\t\tclass=\"so-widget-sow-editor so-widget-sow-editor-base\"\n\t\t\t\n\t\t>\n<div class=\"siteorigin-widget-tinymce textwidget\">\n\t<figure id=\"attachment_6337\" aria-describedby=\"caption-attachment-6337\" style=\"width: 418px\" class=\"wp-caption alignnone\"><img loading=\"lazy\" decoding=\"async\" class=\" wp-image-6337\" src=\"https:\/\/kitemobile.nl\/wp-content\/uploads\/2019\/06\/2e-hands-duotone-kites-kopen-300x199.jpg\" alt=\"Duotone kitesurf kites liggen op het strand\" width=\"418\" height=\"277\" srcset=\"https:\/\/kitemobile.nl\/wp-content\/uploads\/2019\/06\/2e-hands-duotone-kites-kopen-300x199.jpg 300w, https:\/\/kitemobile.nl\/wp-content\/uploads\/2019\/06\/2e-hands-duotone-kites-kopen-540x359.jpg 540w, https:\/\/kitemobile.nl\/wp-content\/uploads\/2019\/06\/2e-hands-duotone-kites-kopen.jpg 640w\" sizes=\"auto, (max-width: 418px) 100vw, 418px\" \/><figcaption id=\"caption-attachment-6337\" class=\"wp-caption-text\">Immer die Neueste\u00a0Duotone kites &amp; boards<\/figcaption><\/figure>\n<\/div>\n<\/div><\/div><\/div><\/div><div id=\"pg-2172-1\"  class=\"panel-grid panel-no-style\" ><div id=\"pgc-2172-1-0\"  class=\"panel-grid-cell\" ><div id=\"panel-2172-1-0-0\" class=\"so-panel widget widget_sow-editor panel-first-child\" data-index=\"2\" ><div\n\t\t\t\n\t\t\tclass=\"so-widget-sow-editor so-widget-sow-editor-base\"\n\t\t\t\n\t\t><h3 class=\"widget-title\"><span class=\"widget-title__inline\">Begleitetes Mieten \u20ac 95 Pro Person<\/span><\/h3>\n<div class=\"siteorigin-widget-tinymce textwidget\">\n\t<p>Bist du dir in dieser Angelegenheit nicht g\u00e4nzlich sicher? M\u00f6chtest du gerne einen Lehrer dabei haben, der dir mit dem Drachen weiter hilft? Dann ist begleitetes Mieten die M\u00f6glichkeit f\u00fcr dich!<\/p>\n<\/div>\n<\/div><\/div><div id=\"panel-2172-1-0-1\" class=\"so-panel widget widget_sow-button panel-last-child\" data-index=\"3\" ><div\n\t\t\t\n\t\t\tclass=\"so-widget-sow-button so-widget-sow-button-atom-1ad4baec21dd-2172\"\n\t\t\t\n\t\t><div class=\"ow-button-base ow-button-align-left\"\n>\n\t\t\t<a\n\t\t\t\t\thref=\"https:\/\/app.vikingbookings.com\/widget\/booking\/41000000040000004d8a770f\"\n\t\t\t\t\tclass=\"sowb-button ow-icon-placement-left ow-button-hover\" \t>\n\t\t<span>\n\t\t\t<span class=\"sow-icon-fontawesome sow-fas\" data-sow-icon=\"&#xf073;\"\n\t\tstyle=\"color: #273e70\" \n\t\taria-hidden=\"true\"><\/span>\n\t\t\tReservieren\t\t<\/span>\n\t\t\t<\/a>\n\t<\/div>\n<\/div><\/div><\/div><div id=\"pgc-2172-1-1\"  class=\"panel-grid-cell\" ><div id=\"panel-2172-1-1-0\" class=\"so-panel widget widget_sow-editor panel-first-child\" data-index=\"4\" ><div\n\t\t\t\n\t\t\tclass=\"so-widget-sow-editor so-widget-sow-editor-base\"\n\t\t\t\n\t\t><h3 class=\"widget-title\"><span class=\"widget-title__inline\">Kite-Verleih 2,5 stunde pro Set \u20ac 75<\/span><\/h3>\n<div class=\"siteorigin-widget-tinymce textwidget\">\n\t<p>Es stehen euch aktuelle Kites von Duotone Kiteboarding zur Verf\u00fcgung. Wir verf\u00fcgen \u00fcber alle Gr\u00f6\u00dfen der Duotone Kites, so dass man f\u00fcr jede Windbedingung die richtige Gr\u00f6\u00dfe mieten kann.<\/p>\n<p><iframe class=\"ginger-extension-definitionpopup\" style=\"left: 150px; top: -102px; z-index: 100001; display: none;\" src=\"chrome-extension:\/\/kdfieneakcjfaiglcfcgkidlkmlijjnh\/content\/popups\/definitionPopup\/index.html?title=North&amp;description=the%20region%20of%20the%20United%20States%20lying%20to%20the%20north%20of%20the%20Mason-Dixon%20line\"><\/iframe><\/p>\n<\/div>\n<\/div><\/div><div id=\"panel-2172-1-1-1\" class=\"so-panel widget widget_sow-button panel-last-child\" data-index=\"5\" ><div\n\t\t\t\n\t\t\tclass=\"so-widget-sow-button so-widget-sow-button-atom-1ad4baec21dd-2172\"\n\t\t\t\n\t\t><div class=\"ow-button-base ow-button-align-left\"\n>\n\t\t\t<a\n\t\t\t\t\thref=\"https:\/\/app.vikingbookings.com\/widget\/booking\/41000000040000004d8a770f\"\n\t\t\t\t\tclass=\"sowb-button ow-icon-placement-left ow-button-hover\" \t>\n\t\t<span>\n\t\t\t<span class=\"sow-icon-fontawesome sow-fas\" data-sow-icon=\"&#xf073;\"\n\t\tstyle=\"color: #273e70\" \n\t\taria-hidden=\"true\"><\/span>\n\t\t\tReservieren\t\t<\/span>\n\t\t\t<\/a>\n\t<\/div>\n<\/div><\/div><\/div><\/div><div id=\"pg-2172-2\"  class=\"panel-grid panel-no-style\" ><div id=\"pgc-2172-2-0\"  class=\"panel-grid-cell\" ><div id=\"panel-2172-2-0-0\" class=\"so-panel widget widget_sow-editor panel-first-child panel-last-child\" data-index=\"6\" ><div\n\t\t\t\n\t\t\tclass=\"so-widget-sow-editor so-widget-sow-editor-base\"\n\t\t\t\n\t\t><h3 class=\"widget-title\"><span class=\"widget-title__inline\"> Aufmerksamkeit<\/span><\/h3>\n<div class=\"siteorigin-widget-tinymce textwidget\">\n\t<p><span style=\"color: #808080;\">F\u00fcr den Erhalt der Materialen, Sie zu mieten, ist die Voraussetzung ein g\u00fcltiges Zertifikat und als Garantie ein Reispass, Personalausweis oder der F\u00fchrerschein.<\/span><\/p>\n<\/div>\n<\/div><\/div><\/div><\/div><div id=\"pg-2172-3\"  class=\"panel-grid panel-no-style\" ><div id=\"pgc-2172-3-0\"  class=\"panel-grid-cell\" ><div id=\"panel-2172-3-0-0\" class=\"so-panel widget widget_sow-editor panel-first-child panel-last-child\" data-index=\"7\" ><div\n\t\t\t\n\t\t\tclass=\"so-widget-sow-editor so-widget-sow-editor-base\"\n\t\t\t\n\t\t>\n<div class=\"siteorigin-widget-tinymce textwidget\">\n\t<p><img loading=\"lazy\" decoding=\"async\" class=\"alignnone  wp-image-6275\" src=\"https:\/\/kitemobile.nl\/wp-content\/uploads\/2018\/11\/Duotone_Main-Logo_Dark-Grey_RGB-300x73.png\" alt=\"duotone kites\" width=\"321\" height=\"78\" srcset=\"https:\/\/kitemobile.nl\/wp-content\/uploads\/2018\/11\/Duotone_Main-Logo_Dark-Grey_RGB-300x73.png 300w, https:\/\/kitemobile.nl\/wp-content\/uploads\/2018\/11\/Duotone_Main-Logo_Dark-Grey_RGB-768x188.png 768w, https:\/\/kitemobile.nl\/wp-content\/uploads\/2018\/11\/Duotone_Main-Logo_Dark-Grey_RGB-1024x250.png 1024w, https:\/\/kitemobile.nl\/wp-content\/uploads\/2018\/11\/Duotone_Main-Logo_Dark-Grey_RGB-540x132.png 540w, https:\/\/kitemobile.nl\/wp-content\/uploads\/2018\/11\/Duotone_Main-Logo_Dark-Grey_RGB.png 2000w\" sizes=\"auto, (max-width: 321px) 100vw, 321px\" \/><\/p>\n<\/div>\n<\/div><\/div><\/div><div id=\"pgc-2172-3-1\"  class=\"panel-grid-cell\" ><div id=\"panel-2172-3-1-0\" class=\"so-panel widget widget_sow-editor panel-first-child panel-last-child\" data-index=\"8\" ><div\n\t\t\t\n\t\t\tclass=\"so-widget-sow-editor so-widget-sow-editor-base\"\n\t\t\t\n\t\t>\n<div class=\"siteorigin-widget-tinymce textwidget\">\n\t<p><img loading=\"lazy\" decoding=\"async\" class=\"alignnone  wp-image-7791\" src=\"https:\/\/kitemobile.nl\/wp-content\/uploads\/2021\/03\/logo_ion_kitesurf-300x124.jpg\" alt=\"logo ion kiteboarding\" width=\"237\" height=\"98\" srcset=\"https:\/\/kitemobile.nl\/wp-content\/uploads\/2021\/03\/logo_ion_kitesurf-300x124.jpg 300w, https:\/\/kitemobile.nl\/wp-content\/uploads\/2021\/03\/logo_ion_kitesurf-768x317.jpg 768w, https:\/\/kitemobile.nl\/wp-content\/uploads\/2021\/03\/logo_ion_kitesurf-1024x423.jpg 1024w, https:\/\/kitemobile.nl\/wp-content\/uploads\/2021\/03\/logo_ion_kitesurf-540x223.jpg 540w\" sizes=\"auto, (max-width: 237px) 100vw, 237px\" \/><\/p>\n<\/div>\n<\/div><\/div><\/div><\/div><\/div>","protected":false},"excerpt":{"rendered":"<p>Duotone Kiteboarding Center im Workum, Holland. KiteMobile is ein kiteschule und Verleih &#038; Test Center seit 2000. Workum ist ein Stehrevier. Kite Camping am wasser.<\/p>\n","protected":false},"author":1,"featured_media":0,"parent":2169,"menu_order":0,"comment_status":"closed","ping_status":"closed","template":"","meta":{"_acf_changed":false,"footnotes":""},"class_list":["post-2172","page","type-page","status-publish","hentry","clearfix"],"acf":[],"yoast_head":"<!-- This site is optimized with the Yoast SEO plugin v27.3 - https:\/\/yoast.com\/product\/yoast-seo-wordpress\/ -->\n<title>Duotone Testcenter Workum. Verleih &amp; Test am beste Stehrevier in Holland<\/title>\n<meta name=\"description\" content=\"Duotone Kiteboarding Center im Workum, Holland ist Verleih &amp; Test Center. Workum ist ein Stehrevier. Camping am wasser KiteMobile is ein kiteschule seit 2000\" \/>\n<meta name=\"robots\" content=\"index, follow, max-snippet:-1, max-image-preview:large, max-video-preview:-1\" \/>\n<link rel=\"canonical\" href=\"https:\/\/kitemobile.nl\/de\/kitesurfen-lernen-holland-workum-friesland-stehrevier-north-surf-center-2-personen-pro-lehrer\/kite-verleih-test-holland-workum-ijsselmeer-friesland-kitemobile\/\" \/>\n<meta property=\"og:locale\" content=\"de_DE\" \/>\n<meta property=\"og:type\" content=\"article\" \/>\n<meta property=\"og:title\" content=\"Kitesurf set huren\" \/>\n<meta property=\"og:description\" content=\"Kun je al kitesurfen? Wil je een kite set huren? Kom naar kitezone Workum. Ondiep water en de meeste wind\" \/>\n<meta property=\"og:url\" content=\"https:\/\/kitemobile.nl\/de\/kitesurfen-lernen-holland-workum-friesland-stehrevier-north-surf-center-2-personen-pro-lehrer\/kite-verleih-test-holland-workum-ijsselmeer-friesland-kitemobile\/\" \/>\n<meta property=\"og:site_name\" content=\"KiteMobile\" \/>\n<meta property=\"article:publisher\" content=\"https:\/\/www.facebook.com\/kitesurfschool.kitemobile\/\" \/>\n<meta property=\"article:modified_time\" content=\"2026-03-30T20:38:20+00:00\" \/>\n<meta property=\"og:image\" content=\"https:\/\/kitemobile.nl\/wp-content\/uploads\/2016\/05\/KiteMobile_kitesurfschool_stef.png\" \/>\n\t<meta property=\"og:image:width\" content=\"863\" \/>\n\t<meta property=\"og:image:height\" content=\"386\" \/>\n\t<meta property=\"og:image:type\" content=\"image\/png\" \/>\n<meta name=\"twitter:card\" content=\"summary_large_image\" \/>\n<meta name=\"twitter:title\" content=\"Kitesurf vlieger huren\" \/>\n<meta name=\"twitter:description\" content=\"Kom langs bij kitesurfschool KiteMobile. Huur de nieuwste North Kites en boards\" \/>\n<meta name=\"twitter:image\" content=\"https:\/\/kitemobile.nl\/wp-content\/uploads\/2017\/03\/IMG_0280.jpg\" \/>\n<meta name=\"twitter:site\" content=\"@kitemobile\" \/>\n<meta name=\"twitter:label1\" content=\"Gesch\u00e4tzte Lesezeit\" \/>\n\t<meta name=\"twitter:data1\" content=\"2\u00a0Minuten\" \/>\n<script type=\"application\/ld+json\" class=\"yoast-schema-graph\">{\"@context\":\"https:\\\/\\\/schema.org\",\"@graph\":[{\"@type\":\"WebPage\",\"@id\":\"https:\\\/\\\/kitemobile.nl\\\/de\\\/kitesurfen-lernen-holland-workum-friesland-stehrevier-north-surf-center-2-personen-pro-lehrer\\\/kite-verleih-test-holland-workum-ijsselmeer-friesland-kitemobile\\\/\",\"url\":\"https:\\\/\\\/kitemobile.nl\\\/de\\\/kitesurfen-lernen-holland-workum-friesland-stehrevier-north-surf-center-2-personen-pro-lehrer\\\/kite-verleih-test-holland-workum-ijsselmeer-friesland-kitemobile\\\/\",\"name\":\"Duotone Testcenter Workum. Verleih & Test am beste Stehrevier in Holland\",\"isPartOf\":{\"@id\":\"https:\\\/\\\/kitemobile.nl\\\/#website\"},\"primaryImageOfPage\":{\"@id\":\"https:\\\/\\\/kitemobile.nl\\\/de\\\/kitesurfen-lernen-holland-workum-friesland-stehrevier-north-surf-center-2-personen-pro-lehrer\\\/kite-verleih-test-holland-workum-ijsselmeer-friesland-kitemobile\\\/#primaryimage\"},\"image\":{\"@id\":\"https:\\\/\\\/kitemobile.nl\\\/de\\\/kitesurfen-lernen-holland-workum-friesland-stehrevier-north-surf-center-2-personen-pro-lehrer\\\/kite-verleih-test-holland-workum-ijsselmeer-friesland-kitemobile\\\/#primaryimage\"},\"thumbnailUrl\":\"https:\\\/\\\/kitemobile.nl\\\/wp-content\\\/uploads\\\/2019\\\/06\\\/2e-hands-duotone-kites-kopen-300x199.jpg\",\"datePublished\":\"2017-03-24T08:24:17+00:00\",\"dateModified\":\"2026-03-30T20:38:20+00:00\",\"description\":\"Duotone Kiteboarding Center im Workum, Holland ist Verleih & Test Center. Workum ist ein Stehrevier. Camping am wasser KiteMobile is ein kiteschule seit 2000\",\"breadcrumb\":{\"@id\":\"https:\\\/\\\/kitemobile.nl\\\/de\\\/kitesurfen-lernen-holland-workum-friesland-stehrevier-north-surf-center-2-personen-pro-lehrer\\\/kite-verleih-test-holland-workum-ijsselmeer-friesland-kitemobile\\\/#breadcrumb\"},\"inLanguage\":\"de\",\"potentialAction\":[{\"@type\":\"ReadAction\",\"target\":[\"https:\\\/\\\/kitemobile.nl\\\/de\\\/kitesurfen-lernen-holland-workum-friesland-stehrevier-north-surf-center-2-personen-pro-lehrer\\\/kite-verleih-test-holland-workum-ijsselmeer-friesland-kitemobile\\\/\"]}]},{\"@type\":\"ImageObject\",\"inLanguage\":\"de\",\"@id\":\"https:\\\/\\\/kitemobile.nl\\\/de\\\/kitesurfen-lernen-holland-workum-friesland-stehrevier-north-surf-center-2-personen-pro-lehrer\\\/kite-verleih-test-holland-workum-ijsselmeer-friesland-kitemobile\\\/#primaryimage\",\"url\":\"https:\\\/\\\/kitemobile.nl\\\/wp-content\\\/uploads\\\/2019\\\/06\\\/2e-hands-duotone-kites-kopen-300x199.jpg\",\"contentUrl\":\"https:\\\/\\\/kitemobile.nl\\\/wp-content\\\/uploads\\\/2019\\\/06\\\/2e-hands-duotone-kites-kopen-300x199.jpg\"},{\"@type\":\"BreadcrumbList\",\"@id\":\"https:\\\/\\\/kitemobile.nl\\\/de\\\/kitesurfen-lernen-holland-workum-friesland-stehrevier-north-surf-center-2-personen-pro-lehrer\\\/kite-verleih-test-holland-workum-ijsselmeer-friesland-kitemobile\\\/#breadcrumb\",\"itemListElement\":[{\"@type\":\"ListItem\",\"position\":1,\"name\":\"Home\",\"item\":\"https:\\\/\\\/kitemobile.nl\\\/de\\\/\"},{\"@type\":\"ListItem\",\"position\":2,\"name\":\"Kitesurfen Lernen\",\"item\":\"https:\\\/\\\/kitemobile.nl\\\/de\\\/kitesurfen-lernen-holland-workum-friesland-stehrevier-north-surf-center-2-personen-pro-lehrer\\\/\"},{\"@type\":\"ListItem\",\"position\":3,\"name\":\"Verleih &#038; TestCenter\"}]},{\"@type\":\"WebSite\",\"@id\":\"https:\\\/\\\/kitemobile.nl\\\/#website\",\"url\":\"https:\\\/\\\/kitemobile.nl\\\/\",\"name\":\"KiteMobile\",\"description\":\"Kitesurfschool KiteMobile is het adres voor kitesurfles\",\"publisher\":{\"@id\":\"https:\\\/\\\/kitemobile.nl\\\/#organization\"},\"potentialAction\":[{\"@type\":\"SearchAction\",\"target\":{\"@type\":\"EntryPoint\",\"urlTemplate\":\"https:\\\/\\\/kitemobile.nl\\\/?s={search_term_string}\"},\"query-input\":{\"@type\":\"PropertyValueSpecification\",\"valueRequired\":true,\"valueName\":\"search_term_string\"}}],\"inLanguage\":\"de\"},{\"@type\":\"Organization\",\"@id\":\"https:\\\/\\\/kitemobile.nl\\\/#organization\",\"name\":\"KiteMobile\",\"url\":\"https:\\\/\\\/kitemobile.nl\\\/\",\"logo\":{\"@type\":\"ImageObject\",\"inLanguage\":\"de\",\"@id\":\"https:\\\/\\\/kitemobile.nl\\\/#\\\/schema\\\/logo\\\/image\\\/\",\"url\":\"https:\\\/\\\/kitemobile.nl\\\/wp-content\\\/uploads\\\/2017\\\/12\\\/kitemobile-small.png\",\"contentUrl\":\"https:\\\/\\\/kitemobile.nl\\\/wp-content\\\/uploads\\\/2017\\\/12\\\/kitemobile-small.png\",\"width\":200,\"height\":200,\"caption\":\"KiteMobile\"},\"image\":{\"@id\":\"https:\\\/\\\/kitemobile.nl\\\/#\\\/schema\\\/logo\\\/image\\\/\"},\"sameAs\":[\"https:\\\/\\\/www.facebook.com\\\/kitesurfschool.kitemobile\\\/\",\"https:\\\/\\\/x.com\\\/kitemobile\",\"https:\\\/\\\/www.instagram.com\\\/kitesurfschool_kitemobile\\\/\",\"https:\\\/\\\/www.youtube.com\\\/channel\\\/UC3UcLZGJGnY-0suc_l0nWvA\"]}]}<\/script>\n<!-- \/ Yoast SEO plugin. -->","yoast_head_json":{"title":"Duotone Testcenter Workum. Verleih & Test am beste Stehrevier in Holland","description":"Duotone Kiteboarding Center im Workum, Holland ist Verleih & Test Center. Workum ist ein Stehrevier. Camping am wasser KiteMobile is ein kiteschule seit 2000","robots":{"index":"index","follow":"follow","max-snippet":"max-snippet:-1","max-image-preview":"max-image-preview:large","max-video-preview":"max-video-preview:-1"},"canonical":"https:\/\/kitemobile.nl\/de\/kitesurfen-lernen-holland-workum-friesland-stehrevier-north-surf-center-2-personen-pro-lehrer\/kite-verleih-test-holland-workum-ijsselmeer-friesland-kitemobile\/","og_locale":"de_DE","og_type":"article","og_title":"Kitesurf set huren","og_description":"Kun je al kitesurfen? Wil je een kite set huren? Kom naar kitezone Workum. Ondiep water en de meeste wind","og_url":"https:\/\/kitemobile.nl\/de\/kitesurfen-lernen-holland-workum-friesland-stehrevier-north-surf-center-2-personen-pro-lehrer\/kite-verleih-test-holland-workum-ijsselmeer-friesland-kitemobile\/","og_site_name":"KiteMobile","article_publisher":"https:\/\/www.facebook.com\/kitesurfschool.kitemobile\/","article_modified_time":"2026-03-30T20:38:20+00:00","og_image":[{"width":863,"height":386,"url":"https:\/\/kitemobile.nl\/wp-content\/uploads\/2016\/05\/KiteMobile_kitesurfschool_stef.png","type":"image\/png"}],"twitter_card":"summary_large_image","twitter_title":"Kitesurf vlieger huren","twitter_description":"Kom langs bij kitesurfschool KiteMobile. Huur de nieuwste North Kites en boards","twitter_image":"https:\/\/kitemobile.nl\/wp-content\/uploads\/2017\/03\/IMG_0280.jpg","twitter_site":"@kitemobile","twitter_misc":{"Gesch\u00e4tzte Lesezeit":"2\u00a0Minuten"},"schema":{"@context":"https:\/\/schema.org","@graph":[{"@type":"WebPage","@id":"https:\/\/kitemobile.nl\/de\/kitesurfen-lernen-holland-workum-friesland-stehrevier-north-surf-center-2-personen-pro-lehrer\/kite-verleih-test-holland-workum-ijsselmeer-friesland-kitemobile\/","url":"https:\/\/kitemobile.nl\/de\/kitesurfen-lernen-holland-workum-friesland-stehrevier-north-surf-center-2-personen-pro-lehrer\/kite-verleih-test-holland-workum-ijsselmeer-friesland-kitemobile\/","name":"Duotone Testcenter Workum. Verleih & Test am beste Stehrevier in Holland","isPartOf":{"@id":"https:\/\/kitemobile.nl\/#website"},"primaryImageOfPage":{"@id":"https:\/\/kitemobile.nl\/de\/kitesurfen-lernen-holland-workum-friesland-stehrevier-north-surf-center-2-personen-pro-lehrer\/kite-verleih-test-holland-workum-ijsselmeer-friesland-kitemobile\/#primaryimage"},"image":{"@id":"https:\/\/kitemobile.nl\/de\/kitesurfen-lernen-holland-workum-friesland-stehrevier-north-surf-center-2-personen-pro-lehrer\/kite-verleih-test-holland-workum-ijsselmeer-friesland-kitemobile\/#primaryimage"},"thumbnailUrl":"https:\/\/kitemobile.nl\/wp-content\/uploads\/2019\/06\/2e-hands-duotone-kites-kopen-300x199.jpg","datePublished":"2017-03-24T08:24:17+00:00","dateModified":"2026-03-30T20:38:20+00:00","description":"Duotone Kiteboarding Center im Workum, Holland ist Verleih & Test Center. Workum ist ein Stehrevier. Camping am wasser KiteMobile is ein kiteschule seit 2000","breadcrumb":{"@id":"https:\/\/kitemobile.nl\/de\/kitesurfen-lernen-holland-workum-friesland-stehrevier-north-surf-center-2-personen-pro-lehrer\/kite-verleih-test-holland-workum-ijsselmeer-friesland-kitemobile\/#breadcrumb"},"inLanguage":"de","potentialAction":[{"@type":"ReadAction","target":["https:\/\/kitemobile.nl\/de\/kitesurfen-lernen-holland-workum-friesland-stehrevier-north-surf-center-2-personen-pro-lehrer\/kite-verleih-test-holland-workum-ijsselmeer-friesland-kitemobile\/"]}]},{"@type":"ImageObject","inLanguage":"de","@id":"https:\/\/kitemobile.nl\/de\/kitesurfen-lernen-holland-workum-friesland-stehrevier-north-surf-center-2-personen-pro-lehrer\/kite-verleih-test-holland-workum-ijsselmeer-friesland-kitemobile\/#primaryimage","url":"https:\/\/kitemobile.nl\/wp-content\/uploads\/2019\/06\/2e-hands-duotone-kites-kopen-300x199.jpg","contentUrl":"https:\/\/kitemobile.nl\/wp-content\/uploads\/2019\/06\/2e-hands-duotone-kites-kopen-300x199.jpg"},{"@type":"BreadcrumbList","@id":"https:\/\/kitemobile.nl\/de\/kitesurfen-lernen-holland-workum-friesland-stehrevier-north-surf-center-2-personen-pro-lehrer\/kite-verleih-test-holland-workum-ijsselmeer-friesland-kitemobile\/#breadcrumb","itemListElement":[{"@type":"ListItem","position":1,"name":"Home","item":"https:\/\/kitemobile.nl\/de\/"},{"@type":"ListItem","position":2,"name":"Kitesurfen Lernen","item":"https:\/\/kitemobile.nl\/de\/kitesurfen-lernen-holland-workum-friesland-stehrevier-north-surf-center-2-personen-pro-lehrer\/"},{"@type":"ListItem","position":3,"name":"Verleih &#038; TestCenter"}]},{"@type":"WebSite","@id":"https:\/\/kitemobile.nl\/#website","url":"https:\/\/kitemobile.nl\/","name":"KiteMobile","description":"Kitesurfschool KiteMobile is het adres voor kitesurfles","publisher":{"@id":"https:\/\/kitemobile.nl\/#organization"},"potentialAction":[{"@type":"SearchAction","target":{"@type":"EntryPoint","urlTemplate":"https:\/\/kitemobile.nl\/?s={search_term_string}"},"query-input":{"@type":"PropertyValueSpecification","valueRequired":true,"valueName":"search_term_string"}}],"inLanguage":"de"},{"@type":"Organization","@id":"https:\/\/kitemobile.nl\/#organization","name":"KiteMobile","url":"https:\/\/kitemobile.nl\/","logo":{"@type":"ImageObject","inLanguage":"de","@id":"https:\/\/kitemobile.nl\/#\/schema\/logo\/image\/","url":"https:\/\/kitemobile.nl\/wp-content\/uploads\/2017\/12\/kitemobile-small.png","contentUrl":"https:\/\/kitemobile.nl\/wp-content\/uploads\/2017\/12\/kitemobile-small.png","width":200,"height":200,"caption":"KiteMobile"},"image":{"@id":"https:\/\/kitemobile.nl\/#\/schema\/logo\/image\/"},"sameAs":["https:\/\/www.facebook.com\/kitesurfschool.kitemobile\/","https:\/\/x.com\/kitemobile","https:\/\/www.instagram.com\/kitesurfschool_kitemobile\/","https:\/\/www.youtube.com\/channel\/UC3UcLZGJGnY-0suc_l0nWvA"]}]}},"_links":{"self":[{"href":"https:\/\/kitemobile.nl\/de\/wp-json\/wp\/v2\/pages\/2172","targetHints":{"allow":["GET"]}}],"collection":[{"href":"https:\/\/kitemobile.nl\/de\/wp-json\/wp\/v2\/pages"}],"about":[{"href":"https:\/\/kitemobile.nl\/de\/wp-json\/wp\/v2\/types\/page"}],"author":[{"embeddable":true,"href":"https:\/\/kitemobile.nl\/de\/wp-json\/wp\/v2\/users\/1"}],"replies":[{"embeddable":true,"href":"https:\/\/kitemobile.nl\/de\/wp-json\/wp\/v2\/comments?post=2172"}],"version-history":[{"count":65,"href":"https:\/\/kitemobile.nl\/de\/wp-json\/wp\/v2\/pages\/2172\/revisions"}],"predecessor-version":[{"id":10692,"href":"https:\/\/kitemobile.nl\/de\/wp-json\/wp\/v2\/pages\/2172\/revisions\/10692"}],"up":[{"embeddable":true,"href":"https:\/\/kitemobile.nl\/de\/wp-json\/wp\/v2\/pages\/2169"}],"wp:attachment":[{"href":"https:\/\/kitemobile.nl\/de\/wp-json\/wp\/v2\/media?parent=2172"}],"curies":[{"name":"wp","href":"https:\/\/api.w.org\/{rel}","templated":true}]}}