{"id":2174,"date":"2016-06-14T09:01:09","date_gmt":"2016-06-14T07:01:09","guid":{"rendered":"http:\/\/kitemobile.nl\/kitesurfles\/kitesurfpas\/"},"modified":"2025-05-15T16:28:47","modified_gmt":"2025-05-15T14:28:47","slug":"kite-surfen-lizenz-gruppe-2-personen","status":"publish","type":"page","link":"https:\/\/kitemobile.nl\/de\/kitesurfen-lernen-holland-workum-friesland-stehrevier-north-surf-center-2-personen-pro-lehrer\/kite-surfen-lizenz-gruppe-2-personen\/","title":{"rendered":"Grundkurs"},"content":{"rendered":"<div id=\"pl-2174\"  class=\"panel-layout\" ><div id=\"pg-2174-0\"  class=\"panel-grid panel-no-style\" ><div id=\"pgc-2174-0-0\"  class=\"panel-grid-cell\" ><div id=\"panel-2174-0-0-0\" class=\"so-panel widget widget_sow-editor panel-first-child\" data-index=\"0\" ><div\n\t\t\t\n\t\t\tclass=\"so-widget-sow-editor so-widget-sow-editor-base\"\n\t\t\t\n\t\t><h3 class=\"widget-title\"><span class=\"widget-title__inline\">Drei Tage Grundscheine Kurs\u00a0\u20ac 270<\/span><\/h3>\n<div class=\"siteorigin-widget-tinymce textwidget\">\n\t<p><strong>Nur Gruppe max. 4 Personen (2 Kites)<\/strong><\/p>\n<p>SICH DAS KITESURF\u00a0GRUNDSCHEINE<em>\u00a0<\/em>HOLEN, UM SICHERER KITESURFEN ZU LERNEN.<br \/>\nIn diesem 7,5 st\u00fcndigen Kurs erwirbst du dir dein Zertifikat in Form eines Grundscheine , indem du lernst, selbstst\u00e4ndig Kitesurfen zu k\u00f6nnen. Auf diesem Wege werden alle Geschicklichkeiten und Einsichten ihm aufgetragen, die zu ihm geh\u00f6ren. Lernen in der Praxis hei\u00dft, die Materialien kennenlernen und deine F\u00e4higkeiten anzupassen an die Umst\u00e4nde und an die Umwelt.<\/p>\n<\/div>\n<\/div><\/div><div id=\"panel-2174-0-0-1\" class=\"so-panel widget widget_sow-button panel-last-child\" data-index=\"1\" ><div\n\t\t\t\n\t\t\tclass=\"so-widget-sow-button so-widget-sow-button-flat-8f8de3d276d0-2174\"\n\t\t\t\n\t\t><div class=\"ow-button-base ow-button-align-left\"\n>\n\t\t\t<a\n\t\t\t\t\thref=\"https:\/\/app.vikingbookings.com\/widget\/booking\/41000000040000004d8a770f\"\n\t\t\t\t\tclass=\"sowb-button ow-icon-placement-left ow-button-hover\" \t>\n\t\t<span>\n\t\t\t<span class=\"sow-icon-fontawesome sow-fas\" data-sow-icon=\"&#xf073;\"\n\t\tstyle=\"color: #273e70\" \n\t\taria-hidden=\"true\"><\/span>\n\t\t\tOnline buchen\t\t<\/span>\n\t\t\t<\/a>\n\t<\/div>\n<\/div><\/div><\/div><div id=\"pgc-2174-0-1\"  class=\"panel-grid-cell\" ><div id=\"panel-2174-0-1-0\" class=\"so-panel widget widget_sow-editor panel-first-child panel-last-child\" data-index=\"2\" ><div\n\t\t\t\n\t\t\tclass=\"so-widget-sow-editor so-widget-sow-editor-base\"\n\t\t\t\n\t\t>\n<div class=\"siteorigin-widget-tinymce textwidget\">\n\t<h5>WAS K\u00d6NNEN SIE ERWARTEN?<\/h5>\n<p>Wir beginnen mit dem Einsch\u00e4tzen der Beginnsituation . Von dort aus folgen wir den 5 Kitesurfmodulen.<\/p>\n<ol>\n<li>Theorie<\/li>\n<li>Fliegen auf dem Land (kurz)<\/li>\n<li>Fliegen im untiefen Wasser<\/li>\n<li>Im untiefen Wasser starten<\/li>\n<li>Kiteboarden im untiefen\n<ul>\n<li>Selbstst\u00e4ndig das Kite w\u00e4hlen<\/li>\n<li>Selbstst\u00e4ndig beginnen und landen<\/li>\n<li>Kontrolliertes Anhalten<\/li>\n<li>Sich selbst retten k\u00f6nnen<\/li>\n<\/ul>\n<\/li>\n<\/ol><\/div>\n<\/div><\/div><\/div><\/div><div id=\"pg-2174-1\"  class=\"panel-grid panel-no-style\" ><div id=\"pgc-2174-1-0\"  class=\"panel-grid-cell\" ><div id=\"panel-2174-1-0-0\" class=\"so-panel widget widget_sow-editor panel-first-child panel-last-child\" data-index=\"3\" ><div\n\t\t\t\n\t\t\tclass=\"so-widget-sow-editor so-widget-sow-editor-base\"\n\t\t\t\n\t\t>\n<div class=\"siteorigin-widget-tinymce textwidget\">\n\t<hr class=\"hr--dotted\" \/>\n<\/div>\n<\/div><\/div><\/div><\/div><div id=\"pg-2174-2\"  class=\"panel-grid panel-no-style\" ><div id=\"pgc-2174-2-0\"  class=\"panel-grid-cell\" ><div id=\"panel-2174-2-0-0\" class=\"so-panel widget widget_sow-editor panel-first-child\" data-index=\"4\" ><div\n\t\t\t\n\t\t\tclass=\"so-widget-sow-editor so-widget-sow-editor-base\"\n\t\t\t\n\t\t><h3 class=\"widget-title\"><span class=\"widget-title__inline\">F\u00fcnf Tage Grundscheine Kurs\u00a0\u20ac 425<\/span><\/h3>\n<div class=\"siteorigin-widget-tinymce textwidget\">\n\t<p><strong>Nur Gruppe max. 4 Personen (2 Kites)<\/strong><\/p>\n<p>Der Kurs beginnt mit unserem 2,5 st\u00fcndigen Einf\u00fchrungsunterricht. Abh\u00e4ngig von ihrem Kitesurfniveau und der Lernkurve wird der Kurs bis zur Module 5 der geforderten Punkte, absolviert. In diesen Punkten werden alle in den Kitesurfstunden gesammelten Geschicklichkeiten beibehalten. Im Durchschnitt brauchen die Kursisten 7,5 bis 12,5 Stunden Unterricht, um ihren Kitesurfpass zu erhalten. Haben Sie vielleicht schon Kitesurferfahrung oder sind Sie besonders talentiert, dann kann das Erwerben eines Passes schneller vonstatten gehen. Der Pass kann an verschiedenen Orten an denen KiteMobile arbeitet, erworben werden.<\/p>\n<\/div>\n<\/div><\/div><div id=\"panel-2174-2-0-1\" class=\"so-panel widget widget_sow-button panel-last-child\" data-index=\"5\" ><div\n\t\t\t\n\t\t\tclass=\"so-widget-sow-button so-widget-sow-button-flat-8f8de3d276d0-2174\"\n\t\t\t\n\t\t><div class=\"ow-button-base ow-button-align-left\"\n>\n\t\t\t<a\n\t\t\t\t\thref=\"https:\/\/app.vikingbookings.com\/widget\/booking\/41000000040000004d8a770f\"\n\t\t\t\t\tclass=\"sowb-button ow-icon-placement-left ow-button-hover\" \t>\n\t\t<span>\n\t\t\t<span class=\"sow-icon-fontawesome sow-fas\" data-sow-icon=\"&#xf073;\"\n\t\tstyle=\"color: #273e70\" \n\t\taria-hidden=\"true\"><\/span>\n\t\t\tOnline buchen\t\t<\/span>\n\t\t\t<\/a>\n\t<\/div>\n<\/div><\/div><\/div><div id=\"pgc-2174-2-1\"  class=\"panel-grid-cell\" ><div id=\"panel-2174-2-1-0\" class=\"so-panel widget widget_sow-editor panel-first-child panel-last-child\" data-index=\"6\" ><div\n\t\t\t\n\t\t\tclass=\"so-widget-sow-editor so-widget-sow-editor-base\"\n\t\t\t\n\t\t>\n<div class=\"siteorigin-widget-tinymce textwidget\">\n\t<figure id=\"attachment_1774\" aria-describedby=\"caption-attachment-1774\" style=\"width: 456px\" class=\"wp-caption alignnone\"><img loading=\"lazy\" decoding=\"async\" class=\"wp-image-1774\" src=\"https:\/\/kitemobile.nl\/wp-content\/uploads\/2016\/05\/13427837_1122311071194597_394502512169334762_n-300x225.jpg\" alt=\"\" width=\"456\" height=\"342\" \/><figcaption id=\"caption-attachment-1774\" class=\"wp-caption-text\">Grundscheine\u00a0<span lang=\"de\">ausf\u00fcllen<\/span><\/figcaption><\/figure>\n<\/div>\n<\/div><\/div><\/div><\/div><div id=\"pg-2174-3\"  class=\"panel-grid panel-no-style\" ><div id=\"pgc-2174-3-0\"  class=\"panel-grid-cell\" ><div id=\"panel-2174-3-0-0\" class=\"so-panel widget widget_sow-editor panel-first-child panel-last-child\" data-index=\"7\" ><div\n\t\t\t\n\t\t\tclass=\"so-widget-sow-editor so-widget-sow-editor-base\"\n\t\t\t\n\t\t>\n<div class=\"siteorigin-widget-tinymce textwidget\">\n\t<hr class=\"hr--dotted\" \/>\n<\/div>\n<\/div><\/div><\/div><\/div><div id=\"pg-2174-4\"  class=\"panel-grid panel-no-style\" ><div id=\"pgc-2174-4-0\"  class=\"panel-grid-cell\" ><div id=\"panel-2174-4-0-0\" class=\"so-panel widget widget_sow-editor panel-first-child panel-last-child\" data-index=\"8\" ><div\n\t\t\t\n\t\t\tclass=\"so-widget-sow-editor so-widget-sow-editor-base\"\n\t\t\t\n\t\t>\n<div class=\"siteorigin-widget-tinymce textwidget\">\n\t<h5>KITESURFEN IM AUSLAND<\/h5>\n<p>Zeigen Sie den Kitesurfschulen \u00a0im Ausland ihre Zuverl\u00e4ssigkeit. Nach dem Kurs wird ein niederl\u00e4ndisch-englischer Kites Lizenz ausgestellt. Dieser Pass ist ein Beweis f\u00fcr ihre pers\u00f6nlichen Kitesurfgeschicklichkeiten. Mit einem Kite Lizenz versichern Sie, dass Sie im Staate sind, um sicheres Material zu mieten. Schauen Sie doch den Lizenz an.<\/p>\n<p>&nbsp;<\/p>\n<p>&nbsp;<\/p>\n<p>&nbsp;<\/p>\n<p><img loading=\"lazy\" decoding=\"async\" class=\"alignnone size-medium wp-image-6270\" src=\"https:\/\/kitemobile.nl\/wp-content\/uploads\/2018\/11\/Duotone-Kitebaording-Logo-300x66.png\" alt=\"\" width=\"300\" height=\"66\" srcset=\"https:\/\/kitemobile.nl\/wp-content\/uploads\/2018\/11\/Duotone-Kitebaording-Logo-300x66.png 300w, https:\/\/kitemobile.nl\/wp-content\/uploads\/2018\/11\/Duotone-Kitebaording-Logo-768x169.png 768w, https:\/\/kitemobile.nl\/wp-content\/uploads\/2018\/11\/Duotone-Kitebaording-Logo-540x119.png 540w, https:\/\/kitemobile.nl\/wp-content\/uploads\/2018\/11\/Duotone-Kitebaording-Logo.png 994w\" sizes=\"auto, (max-width: 300px) 100vw, 300px\" \/><\/p>\n<\/div>\n<\/div><\/div><\/div><\/div><\/div>","protected":false},"excerpt":{"rendered":"<p>Ich das Zertifikat holen , um sicherer, leichter und schneller kitesurfen zu lernen. Nur kleine Gruppe pro Lehrer.<br \/>\nIn diesem 10 st\u00fcndigen Kurs erwirbst du dir dein Zertifikat in Form eines Kite Lizenz, indem du lernst, selbstst\u00e4ndig Kitesurfen zu k\u00f6nnen. Auf diesem Wege werden alle Geschicklichkeiten und Einsichten ihm aufgetragen, die zu ihm geh\u00f6ren. Lernen in der Praxis hei\u00dft, die Materialien kennenlernen und deine F\u00e4higkeiten anzupassen an die Umst\u00e4nde und an die Umwelt.<\/p>\n","protected":false},"author":1,"featured_media":0,"parent":2169,"menu_order":0,"comment_status":"closed","ping_status":"closed","template":"","meta":{"_acf_changed":false,"footnotes":""},"class_list":["post-2174","page","type-page","status-publish","hentry","clearfix"],"acf":[],"yoast_head":"<!-- This site is optimized with the Yoast SEO plugin v27.3 - https:\/\/yoast.com\/product\/yoast-seo-wordpress\/ -->\n<title>Kite Lizenz Schulung Untiefes wasser Gruppe mit 2 Personen pro Lehrer<\/title>\n<meta name=\"description\" content=\"Gruppe mit 2 Personen SICHERER UND BESSER KITEN ZU LERNEN. In dem Kurs erwirbst du dir dein Zertifikat, indem du lernst, selbstst\u00e4ndig Kitesurfen zu k\u00f6nnen.\" \/>\n<meta name=\"robots\" content=\"index, follow, max-snippet:-1, max-image-preview:large, max-video-preview:-1\" \/>\n<link rel=\"canonical\" href=\"https:\/\/kitemobile.nl\/de\/kitesurfen-lernen-holland-workum-friesland-stehrevier-north-surf-center-2-personen-pro-lehrer\/kite-surfen-lizenz-gruppe-2-personen\/\" \/>\n<meta property=\"og:locale\" content=\"de_DE\" \/>\n<meta property=\"og:type\" content=\"article\" \/>\n<meta property=\"og:title\" content=\"Kite Lizenz Schulung Untiefes wasser Gruppe mit 2 Personen pro Lehrer\" \/>\n<meta property=\"og:description\" content=\"Gruppe mit 2 Personen SICHERER UND BESSER KITEN ZU LERNEN. In dem Kurs erwirbst du dir dein Zertifikat, indem du lernst, selbstst\u00e4ndig Kitesurfen zu k\u00f6nnen.\" \/>\n<meta property=\"og:url\" content=\"https:\/\/kitemobile.nl\/de\/kitesurfen-lernen-holland-workum-friesland-stehrevier-north-surf-center-2-personen-pro-lehrer\/kite-surfen-lizenz-gruppe-2-personen\/\" \/>\n<meta property=\"og:site_name\" content=\"KiteMobile\" \/>\n<meta property=\"article:publisher\" content=\"https:\/\/www.facebook.com\/kitesurfschool.kitemobile\/\" \/>\n<meta property=\"article:modified_time\" content=\"2025-05-15T14:28:47+00:00\" \/>\n<meta property=\"og:image\" content=\"https:\/\/kitemobile.nl\/wp-content\/uploads\/2016\/05\/13427837_1122311071194597_394502512169334762_n-e1705751821201.jpg\" \/>\n\t<meta property=\"og:image:width\" content=\"926\" \/>\n\t<meta property=\"og:image:height\" content=\"507\" \/>\n\t<meta property=\"og:image:type\" content=\"image\/jpeg\" \/>\n<meta name=\"twitter:card\" content=\"summary_large_image\" \/>\n<meta name=\"twitter:site\" content=\"@kitemobile\" \/>\n<meta name=\"twitter:label1\" content=\"Gesch\u00e4tzte Lesezeit\" \/>\n\t<meta name=\"twitter:data1\" content=\"2\u00a0Minuten\" \/>\n<script type=\"application\/ld+json\" class=\"yoast-schema-graph\">{\"@context\":\"https:\\\/\\\/schema.org\",\"@graph\":[{\"@type\":\"WebPage\",\"@id\":\"https:\\\/\\\/kitemobile.nl\\\/de\\\/kitesurfen-lernen-holland-workum-friesland-stehrevier-north-surf-center-2-personen-pro-lehrer\\\/kite-surfen-lizenz-gruppe-2-personen\\\/\",\"url\":\"https:\\\/\\\/kitemobile.nl\\\/de\\\/kitesurfen-lernen-holland-workum-friesland-stehrevier-north-surf-center-2-personen-pro-lehrer\\\/kite-surfen-lizenz-gruppe-2-personen\\\/\",\"name\":\"Kite Lizenz Schulung Untiefes wasser Gruppe mit 2 Personen pro Lehrer\",\"isPartOf\":{\"@id\":\"https:\\\/\\\/kitemobile.nl\\\/#website\"},\"primaryImageOfPage\":{\"@id\":\"https:\\\/\\\/kitemobile.nl\\\/de\\\/kitesurfen-lernen-holland-workum-friesland-stehrevier-north-surf-center-2-personen-pro-lehrer\\\/kite-surfen-lizenz-gruppe-2-personen\\\/#primaryimage\"},\"image\":{\"@id\":\"https:\\\/\\\/kitemobile.nl\\\/de\\\/kitesurfen-lernen-holland-workum-friesland-stehrevier-north-surf-center-2-personen-pro-lehrer\\\/kite-surfen-lizenz-gruppe-2-personen\\\/#primaryimage\"},\"thumbnailUrl\":\"https:\\\/\\\/kitemobile.nl\\\/wp-content\\\/uploads\\\/2016\\\/05\\\/13427837_1122311071194597_394502512169334762_n-300x225.jpg\",\"datePublished\":\"2016-06-14T07:01:09+00:00\",\"dateModified\":\"2025-05-15T14:28:47+00:00\",\"description\":\"Gruppe mit 2 Personen SICHERER UND BESSER KITEN ZU LERNEN. In dem Kurs erwirbst du dir dein Zertifikat, indem du lernst, selbstst\u00e4ndig Kitesurfen zu k\u00f6nnen.\",\"breadcrumb\":{\"@id\":\"https:\\\/\\\/kitemobile.nl\\\/de\\\/kitesurfen-lernen-holland-workum-friesland-stehrevier-north-surf-center-2-personen-pro-lehrer\\\/kite-surfen-lizenz-gruppe-2-personen\\\/#breadcrumb\"},\"inLanguage\":\"de\",\"potentialAction\":[{\"@type\":\"ReadAction\",\"target\":[\"https:\\\/\\\/kitemobile.nl\\\/de\\\/kitesurfen-lernen-holland-workum-friesland-stehrevier-north-surf-center-2-personen-pro-lehrer\\\/kite-surfen-lizenz-gruppe-2-personen\\\/\"]}]},{\"@type\":\"ImageObject\",\"inLanguage\":\"de\",\"@id\":\"https:\\\/\\\/kitemobile.nl\\\/de\\\/kitesurfen-lernen-holland-workum-friesland-stehrevier-north-surf-center-2-personen-pro-lehrer\\\/kite-surfen-lizenz-gruppe-2-personen\\\/#primaryimage\",\"url\":\"https:\\\/\\\/kitemobile.nl\\\/wp-content\\\/uploads\\\/2016\\\/05\\\/13427837_1122311071194597_394502512169334762_n-300x225.jpg\",\"contentUrl\":\"https:\\\/\\\/kitemobile.nl\\\/wp-content\\\/uploads\\\/2016\\\/05\\\/13427837_1122311071194597_394502512169334762_n-300x225.jpg\"},{\"@type\":\"BreadcrumbList\",\"@id\":\"https:\\\/\\\/kitemobile.nl\\\/de\\\/kitesurfen-lernen-holland-workum-friesland-stehrevier-north-surf-center-2-personen-pro-lehrer\\\/kite-surfen-lizenz-gruppe-2-personen\\\/#breadcrumb\",\"itemListElement\":[{\"@type\":\"ListItem\",\"position\":1,\"name\":\"Home\",\"item\":\"https:\\\/\\\/kitemobile.nl\\\/de\\\/\"},{\"@type\":\"ListItem\",\"position\":2,\"name\":\"Kitesurfen Lernen\",\"item\":\"https:\\\/\\\/kitemobile.nl\\\/de\\\/kitesurfen-lernen-holland-workum-friesland-stehrevier-north-surf-center-2-personen-pro-lehrer\\\/\"},{\"@type\":\"ListItem\",\"position\":3,\"name\":\"Grundkurs\"}]},{\"@type\":\"WebSite\",\"@id\":\"https:\\\/\\\/kitemobile.nl\\\/#website\",\"url\":\"https:\\\/\\\/kitemobile.nl\\\/\",\"name\":\"KiteMobile\",\"description\":\"Kitesurfschool KiteMobile is het adres voor kitesurfles\",\"publisher\":{\"@id\":\"https:\\\/\\\/kitemobile.nl\\\/#organization\"},\"potentialAction\":[{\"@type\":\"SearchAction\",\"target\":{\"@type\":\"EntryPoint\",\"urlTemplate\":\"https:\\\/\\\/kitemobile.nl\\\/?s={search_term_string}\"},\"query-input\":{\"@type\":\"PropertyValueSpecification\",\"valueRequired\":true,\"valueName\":\"search_term_string\"}}],\"inLanguage\":\"de\"},{\"@type\":\"Organization\",\"@id\":\"https:\\\/\\\/kitemobile.nl\\\/#organization\",\"name\":\"KiteMobile\",\"url\":\"https:\\\/\\\/kitemobile.nl\\\/\",\"logo\":{\"@type\":\"ImageObject\",\"inLanguage\":\"de\",\"@id\":\"https:\\\/\\\/kitemobile.nl\\\/#\\\/schema\\\/logo\\\/image\\\/\",\"url\":\"https:\\\/\\\/kitemobile.nl\\\/wp-content\\\/uploads\\\/2017\\\/12\\\/kitemobile-small.png\",\"contentUrl\":\"https:\\\/\\\/kitemobile.nl\\\/wp-content\\\/uploads\\\/2017\\\/12\\\/kitemobile-small.png\",\"width\":200,\"height\":200,\"caption\":\"KiteMobile\"},\"image\":{\"@id\":\"https:\\\/\\\/kitemobile.nl\\\/#\\\/schema\\\/logo\\\/image\\\/\"},\"sameAs\":[\"https:\\\/\\\/www.facebook.com\\\/kitesurfschool.kitemobile\\\/\",\"https:\\\/\\\/x.com\\\/kitemobile\",\"https:\\\/\\\/www.instagram.com\\\/kitesurfschool_kitemobile\\\/\",\"https:\\\/\\\/www.youtube.com\\\/channel\\\/UC3UcLZGJGnY-0suc_l0nWvA\"]}]}<\/script>\n<!-- \/ Yoast SEO plugin. -->","yoast_head_json":{"title":"Kite Lizenz Schulung Untiefes wasser Gruppe mit 2 Personen pro Lehrer","description":"Gruppe mit 2 Personen SICHERER UND BESSER KITEN ZU LERNEN. In dem Kurs erwirbst du dir dein Zertifikat, indem du lernst, selbstst\u00e4ndig Kitesurfen zu k\u00f6nnen.","robots":{"index":"index","follow":"follow","max-snippet":"max-snippet:-1","max-image-preview":"max-image-preview:large","max-video-preview":"max-video-preview:-1"},"canonical":"https:\/\/kitemobile.nl\/de\/kitesurfen-lernen-holland-workum-friesland-stehrevier-north-surf-center-2-personen-pro-lehrer\/kite-surfen-lizenz-gruppe-2-personen\/","og_locale":"de_DE","og_type":"article","og_title":"Kite Lizenz Schulung Untiefes wasser Gruppe mit 2 Personen pro Lehrer","og_description":"Gruppe mit 2 Personen SICHERER UND BESSER KITEN ZU LERNEN. In dem Kurs erwirbst du dir dein Zertifikat, indem du lernst, selbstst\u00e4ndig Kitesurfen zu k\u00f6nnen.","og_url":"https:\/\/kitemobile.nl\/de\/kitesurfen-lernen-holland-workum-friesland-stehrevier-north-surf-center-2-personen-pro-lehrer\/kite-surfen-lizenz-gruppe-2-personen\/","og_site_name":"KiteMobile","article_publisher":"https:\/\/www.facebook.com\/kitesurfschool.kitemobile\/","article_modified_time":"2025-05-15T14:28:47+00:00","og_image":[{"width":926,"height":507,"url":"https:\/\/kitemobile.nl\/wp-content\/uploads\/2016\/05\/13427837_1122311071194597_394502512169334762_n-e1705751821201.jpg","type":"image\/jpeg"}],"twitter_card":"summary_large_image","twitter_site":"@kitemobile","twitter_misc":{"Gesch\u00e4tzte Lesezeit":"2\u00a0Minuten"},"schema":{"@context":"https:\/\/schema.org","@graph":[{"@type":"WebPage","@id":"https:\/\/kitemobile.nl\/de\/kitesurfen-lernen-holland-workum-friesland-stehrevier-north-surf-center-2-personen-pro-lehrer\/kite-surfen-lizenz-gruppe-2-personen\/","url":"https:\/\/kitemobile.nl\/de\/kitesurfen-lernen-holland-workum-friesland-stehrevier-north-surf-center-2-personen-pro-lehrer\/kite-surfen-lizenz-gruppe-2-personen\/","name":"Kite Lizenz Schulung Untiefes wasser Gruppe mit 2 Personen pro Lehrer","isPartOf":{"@id":"https:\/\/kitemobile.nl\/#website"},"primaryImageOfPage":{"@id":"https:\/\/kitemobile.nl\/de\/kitesurfen-lernen-holland-workum-friesland-stehrevier-north-surf-center-2-personen-pro-lehrer\/kite-surfen-lizenz-gruppe-2-personen\/#primaryimage"},"image":{"@id":"https:\/\/kitemobile.nl\/de\/kitesurfen-lernen-holland-workum-friesland-stehrevier-north-surf-center-2-personen-pro-lehrer\/kite-surfen-lizenz-gruppe-2-personen\/#primaryimage"},"thumbnailUrl":"https:\/\/kitemobile.nl\/wp-content\/uploads\/2016\/05\/13427837_1122311071194597_394502512169334762_n-300x225.jpg","datePublished":"2016-06-14T07:01:09+00:00","dateModified":"2025-05-15T14:28:47+00:00","description":"Gruppe mit 2 Personen SICHERER UND BESSER KITEN ZU LERNEN. In dem Kurs erwirbst du dir dein Zertifikat, indem du lernst, selbstst\u00e4ndig Kitesurfen zu k\u00f6nnen.","breadcrumb":{"@id":"https:\/\/kitemobile.nl\/de\/kitesurfen-lernen-holland-workum-friesland-stehrevier-north-surf-center-2-personen-pro-lehrer\/kite-surfen-lizenz-gruppe-2-personen\/#breadcrumb"},"inLanguage":"de","potentialAction":[{"@type":"ReadAction","target":["https:\/\/kitemobile.nl\/de\/kitesurfen-lernen-holland-workum-friesland-stehrevier-north-surf-center-2-personen-pro-lehrer\/kite-surfen-lizenz-gruppe-2-personen\/"]}]},{"@type":"ImageObject","inLanguage":"de","@id":"https:\/\/kitemobile.nl\/de\/kitesurfen-lernen-holland-workum-friesland-stehrevier-north-surf-center-2-personen-pro-lehrer\/kite-surfen-lizenz-gruppe-2-personen\/#primaryimage","url":"https:\/\/kitemobile.nl\/wp-content\/uploads\/2016\/05\/13427837_1122311071194597_394502512169334762_n-300x225.jpg","contentUrl":"https:\/\/kitemobile.nl\/wp-content\/uploads\/2016\/05\/13427837_1122311071194597_394502512169334762_n-300x225.jpg"},{"@type":"BreadcrumbList","@id":"https:\/\/kitemobile.nl\/de\/kitesurfen-lernen-holland-workum-friesland-stehrevier-north-surf-center-2-personen-pro-lehrer\/kite-surfen-lizenz-gruppe-2-personen\/#breadcrumb","itemListElement":[{"@type":"ListItem","position":1,"name":"Home","item":"https:\/\/kitemobile.nl\/de\/"},{"@type":"ListItem","position":2,"name":"Kitesurfen Lernen","item":"https:\/\/kitemobile.nl\/de\/kitesurfen-lernen-holland-workum-friesland-stehrevier-north-surf-center-2-personen-pro-lehrer\/"},{"@type":"ListItem","position":3,"name":"Grundkurs"}]},{"@type":"WebSite","@id":"https:\/\/kitemobile.nl\/#website","url":"https:\/\/kitemobile.nl\/","name":"KiteMobile","description":"Kitesurfschool KiteMobile is het adres voor kitesurfles","publisher":{"@id":"https:\/\/kitemobile.nl\/#organization"},"potentialAction":[{"@type":"SearchAction","target":{"@type":"EntryPoint","urlTemplate":"https:\/\/kitemobile.nl\/?s={search_term_string}"},"query-input":{"@type":"PropertyValueSpecification","valueRequired":true,"valueName":"search_term_string"}}],"inLanguage":"de"},{"@type":"Organization","@id":"https:\/\/kitemobile.nl\/#organization","name":"KiteMobile","url":"https:\/\/kitemobile.nl\/","logo":{"@type":"ImageObject","inLanguage":"de","@id":"https:\/\/kitemobile.nl\/#\/schema\/logo\/image\/","url":"https:\/\/kitemobile.nl\/wp-content\/uploads\/2017\/12\/kitemobile-small.png","contentUrl":"https:\/\/kitemobile.nl\/wp-content\/uploads\/2017\/12\/kitemobile-small.png","width":200,"height":200,"caption":"KiteMobile"},"image":{"@id":"https:\/\/kitemobile.nl\/#\/schema\/logo\/image\/"},"sameAs":["https:\/\/www.facebook.com\/kitesurfschool.kitemobile\/","https:\/\/x.com\/kitemobile","https:\/\/www.instagram.com\/kitesurfschool_kitemobile\/","https:\/\/www.youtube.com\/channel\/UC3UcLZGJGnY-0suc_l0nWvA"]}]}},"_links":{"self":[{"href":"https:\/\/kitemobile.nl\/de\/wp-json\/wp\/v2\/pages\/2174","targetHints":{"allow":["GET"]}}],"collection":[{"href":"https:\/\/kitemobile.nl\/de\/wp-json\/wp\/v2\/pages"}],"about":[{"href":"https:\/\/kitemobile.nl\/de\/wp-json\/wp\/v2\/types\/page"}],"author":[{"embeddable":true,"href":"https:\/\/kitemobile.nl\/de\/wp-json\/wp\/v2\/users\/1"}],"replies":[{"embeddable":true,"href":"https:\/\/kitemobile.nl\/de\/wp-json\/wp\/v2\/comments?post=2174"}],"version-history":[{"count":53,"href":"https:\/\/kitemobile.nl\/de\/wp-json\/wp\/v2\/pages\/2174\/revisions"}],"predecessor-version":[{"id":10157,"href":"https:\/\/kitemobile.nl\/de\/wp-json\/wp\/v2\/pages\/2174\/revisions\/10157"}],"up":[{"embeddable":true,"href":"https:\/\/kitemobile.nl\/de\/wp-json\/wp\/v2\/pages\/2169"}],"wp:attachment":[{"href":"https:\/\/kitemobile.nl\/de\/wp-json\/wp\/v2\/media?parent=2174"}],"curies":[{"name":"wp","href":"https:\/\/api.w.org\/{rel}","templated":true}]}}