{"id":2189,"date":"2017-06-12T10:29:28","date_gmt":"2017-06-12T08:29:28","guid":{"rendered":"http:\/\/kitemobile.nl\/prive-kitesurfles\/"},"modified":"2023-02-20T20:59:52","modified_gmt":"2023-02-20T19:59:52","slug":"privat-unterricht-kitesurfen-holland-workum","status":"publish","type":"page","link":"https:\/\/kitemobile.nl\/de\/privat-unterricht-kitesurfen-holland-workum\/","title":{"rendered":"Privat Unterricht"},"content":{"rendered":"<div id=\"pl-2189\"  class=\"panel-layout\" ><div id=\"pg-2189-0\"  class=\"panel-grid panel-no-style\" ><div id=\"pgc-2189-0-0\"  class=\"panel-grid-cell\" ><div id=\"panel-2189-0-0-0\" class=\"so-panel widget widget_sow-editor panel-first-child panel-last-child\" data-index=\"0\" ><div\n\t\t\t\n\t\t\tclass=\"so-widget-sow-editor so-widget-sow-editor-base\"\n\t\t\t\n\t\t><h3 class=\"widget-title\"><span class=\"widget-title__inline\">Privat mit 2<\/span><\/h3>\n<div class=\"siteorigin-widget-tinymce textwidget\">\n\t<h5>\u20ac 130 p.p. 2.5 \u00a0Stunde mit 2 pers.<\/h5>\n<ul>\n<li id=\"tw-target-text\" class=\"tw-data-text tw-text-large tw-ta\" dir=\"ltr\" data-placeholder=\"Vertaling\"><span class=\"Y2IQFc\" lang=\"de\"> 1 Set- 1 Instr. 2 Pers. <\/span><\/li>\n<li class=\"tw-data-text tw-text-large tw-ta\" dir=\"ltr\" data-placeholder=\"Vertaling\"><span class=\"Y2IQFc\" lang=\"de\">auch als 1-Person buchbar <\/span><\/li>\n<li class=\"tw-data-text tw-text-large tw-ta\" dir=\"ltr\" data-placeholder=\"Vertaling\"><span class=\"Y2IQFc\" lang=\"de\">gr\u00f6\u00dfere Lernkurve mit mehr Progression<\/span><\/li>\n<li dir=\"ltr\" data-placeholder=\"Vertaling\">inklusive Neoprenanzug und Trapez<\/li>\n<li class=\"tw-data-text tw-text-large tw-ta\" dir=\"ltr\" data-placeholder=\"Vertaling\"><span class=\"Y2IQFc\" lang=\"de\">inklusive Fortschrittsblatt und Kitepass<\/span><\/li>\n<\/ul>\n<p><span lang=\"de\">Privat mit 2. \u00a01 Kite - 1 Lehrer - 2 Pers. Kitesurfunterricht in ein Gruppe von zwei? Buchen Sie eine Privat mit 2.<br \/>\nMehr kite Minuten! Lernen Sie die F\u00e4higkeiten und Erkenntnisse auf praktische Weise Der Privatunterricht f\u00fcr 2 Kitesurf Stunden kann <a href=\"https:\/\/kitemobile.nl\/de\/privat-unterricht-kitesurfen-holland-workum\">online<\/a> gebucht werden.<\/span><\/p>\n<p>&nbsp;<\/p>\n<\/div>\n<\/div><\/div><\/div><div id=\"pgc-2189-0-1\"  class=\"panel-grid-cell\" ><div id=\"panel-2189-0-1-0\" class=\"so-panel widget widget_sow-editor panel-first-child panel-last-child\" data-index=\"1\" ><div\n\t\t\t\n\t\t\tclass=\"so-widget-sow-editor so-widget-sow-editor-base\"\n\t\t\t\n\t\t><h3 class=\"widget-title\"><span class=\"widget-title__inline\">Privat<\/span><\/h3>\n<div class=\"siteorigin-widget-tinymce textwidget\">\n\t<h5>\u20ac 160,- 2 Stunde Privat<\/h5>\n<ul>\n<li id=\"tw-target-text\" class=\"tw-data-text tw-text-large tw-ta\" dir=\"ltr\" data-placeholder=\"Vertaling\"><span class=\"Y2IQFc\" lang=\"de\">1 Set- 1 Instr. 1Pers. <\/span><\/li>\n<li class=\"tw-data-text tw-text-large tw-ta\" dir=\"ltr\" data-placeholder=\"Vertaling\"><span class=\"Y2IQFc\" lang=\"de\">noch gr\u00f6\u00dfere Lernkurve mit mehr Progression<\/span><\/li>\n<li dir=\"ltr\" data-placeholder=\"Vertaling\">inklusive Neoprenanzug und Trapez<\/li>\n<li class=\"tw-data-text tw-text-large tw-ta\" dir=\"ltr\" data-placeholder=\"Vertaling\"><span class=\"Y2IQFc\" lang=\"de\">inklusive Fortschrittsblatt und Kitepass<\/span><\/li>\n<\/ul>\n<p>Einen individuellen Kitesurf Unterricht mit deinem eigenen Kiteset zu haben, bedeutet mehr Aufmerksamkeit f\u00fcr dein spezifisches Kitesurf Studium.<br \/>\nDurch den gesamten Unterricht hindurch erh\u00e4ltst du eine pers\u00f6nliche Fehleranalyse, die f\u00fcr dich sehr hilfreich ist. Die Privatstunden werden ausschlie\u00dflich durch KSI 3 qualifizierte Lehrer gegeben, nat\u00fcrlich creme de la creme nur von unserer Kitesurfschule.<\/p>\n<\/div>\n<\/div><\/div><\/div><\/div><div id=\"pg-2189-1\"  class=\"panel-grid panel-no-style\" ><div id=\"pgc-2189-1-0\"  class=\"panel-grid-cell\" ><div id=\"panel-2189-1-0-0\" class=\"so-panel widget widget_sow-button panel-first-child\" data-index=\"2\" ><div\n\t\t\t\n\t\t\tclass=\"so-widget-sow-button so-widget-sow-button-atom-8f8de3d276d0-2189\"\n\t\t\t\n\t\t><div class=\"ow-button-base ow-button-align-left\"\n>\n\t\t\t<a\n\t\t\t\t\thref=\"https:\/\/app.vikingbookings.com\/widget\/booking\/41000000040000004d8a770f\"\n\t\t\t\t\tclass=\"sowb-button ow-icon-placement-left ow-button-hover\" \t>\n\t\t<span>\n\t\t\t<span class=\"sow-icon-fontawesome sow-fas\" data-sow-icon=\"&#xf073;\"\n\t\tstyle=\"color: #273e70\" \n\t\taria-hidden=\"true\"><\/span>\n\t\t\tOnline buchen\t\t<\/span>\n\t\t\t<\/a>\n\t<\/div>\n<\/div><\/div><div id=\"panel-2189-1-0-1\" class=\"so-panel widget widget_sow-editor\" data-index=\"3\" ><div\n\t\t\t\n\t\t\tclass=\"so-widget-sow-editor so-widget-sow-editor-base\"\n\t\t\t\n\t\t>\n<div class=\"siteorigin-widget-tinymce textwidget\">\n\t<h5>WAS K\u00d6NNEN SIE ERWARTEN?<\/h5>\n<p>Wir beginnen mit der Einsch\u00e4tzung der Beginnsituation. Von dort aus folgen wir dann den 5 Kite Pass Modulen:<\/p>\n<ul>\n<li>Theorie (nur Praxis in wasser)\n<ul>\n<li>Windfenster<\/li>\n<li>Wahl des Ortes<\/li>\n<li>Material<\/li>\n<\/ul>\n<\/li>\n<li>Wetterverh\u00e4ltnisse\u00a0(nur Praxis in wasser)<\/li>\n<li>Fliegen auf dem Land (nur bei erste mal 15 min.)<\/li>\n<li>Fliegen auf dem Wasser (untief)<\/li>\n<li>Im untiefen Wasser starten Mit Lehrer<\/li>\n<li>Fahren im untiefen Wasser<\/li>\n<li>Hohe laufen<\/li>\n<\/ul>\n<\/div>\n<\/div><\/div><div id=\"panel-2189-1-0-2\" class=\"so-panel widget widget_sow-image panel-last-child\" data-index=\"4\" ><div\n\t\t\t\n\t\t\tclass=\"so-widget-sow-image so-widget-sow-image-default-8b5b6f678277-2189\"\n\t\t\t\n\t\t><h3 class=\"widget-title\"><span class=\"widget-title__inline\">Unterricht mit Certificate<\/span><\/h3>\n<div class=\"sow-image-container\">\n\t\t\t<a href=\"https:\/\/kitemobile.nl\/book\/?lang=de\"\n\t\t\t\t\t>\n\t\t\t<img \n\tsrc=\"https:\/\/kitemobile.nl\/wp-content\/uploads\/2018\/03\/Kitesurf_pas_watersportverbond_certificaat_klein-300x211.jpg\" width=\"300\" height=\"211\" srcset=\"https:\/\/kitemobile.nl\/wp-content\/uploads\/2018\/03\/Kitesurf_pas_watersportverbond_certificaat_klein-300x211.jpg 300w, https:\/\/kitemobile.nl\/wp-content\/uploads\/2018\/03\/Kitesurf_pas_watersportverbond_certificaat_klein-540x380.jpg 540w, https:\/\/kitemobile.nl\/wp-content\/uploads\/2018\/03\/Kitesurf_pas_watersportverbond_certificaat_klein-100x70.jpg 100w, https:\/\/kitemobile.nl\/wp-content\/uploads\/2018\/03\/Kitesurf_pas_watersportverbond_certificaat_klein.jpg 640w\" sizes=\"(max-width: 300px) 100vw, 300px\" title=\"Unterricht mit Certificate\" alt=\"Bleispiel kite Certificate\" \t\tclass=\"so-widget-image\"\/>\n\t\t\t<\/a><\/div>\n\n<\/div><\/div><\/div><div id=\"pgc-2189-1-1\"  class=\"panel-grid-cell\" ><div id=\"panel-2189-1-1-0\" class=\"so-panel widget widget_sow-button panel-first-child\" data-index=\"5\" ><div\n\t\t\t\n\t\t\tclass=\"so-widget-sow-button so-widget-sow-button-atom-8f8de3d276d0-2189\"\n\t\t\t\n\t\t><div class=\"ow-button-base ow-button-align-left\"\n>\n\t\t\t<a\n\t\t\t\t\thref=\"https:\/\/app.vikingbookings.com\/widget\/booking\/41000000040000004d8a770f\"\n\t\t\t\t\tclass=\"sowb-button ow-icon-placement-left ow-button-hover\" \t>\n\t\t<span>\n\t\t\t<span class=\"sow-icon-fontawesome sow-fas\" data-sow-icon=\"&#xf073;\"\n\t\tstyle=\"color: #273e70\" \n\t\taria-hidden=\"true\"><\/span>\n\t\t\tOnline buchen\t\t<\/span>\n\t\t\t<\/a>\n\t<\/div>\n<\/div><\/div><div id=\"panel-2189-1-1-1\" class=\"so-panel widget widget_sow-editor\" data-index=\"6\" ><div\n\t\t\t\n\t\t\tclass=\"so-widget-sow-editor so-widget-sow-editor-base\"\n\t\t\t\n\t\t>\n<div class=\"siteorigin-widget-tinymce textwidget\">\n\t<h5>WAS K\u00d6NNEN SIE ERWARTEN?<\/h5>\n<p>Wir beginnen mit der Einsch\u00e4tzung der Beginnsituation. Von dort aus folgen wir dann den 5 Kite Pass Modulen:<\/p>\n<ul>\n<li>Theorie (nur Praxis in wasser)\n<ul>\n<li>Windfenster<\/li>\n<li>Wahl des Ortes<\/li>\n<li>Material<\/li>\n<\/ul>\n<\/li>\n<li>Wetterverh\u00e4ltnisse\u00a0(nur Praxis in wasser)<\/li>\n<li>Fliegen auf dem Land (nur bei erste mal 15 min.)<\/li>\n<li>Fliegen auf dem Wasser (untief)<\/li>\n<li>Im untiefen Wasser starten Mit Lehrer<\/li>\n<li>Fahren im untiefen Wasser<\/li>\n<li>Hohe laufen<\/li>\n<\/ul>\n<\/div>\n<\/div><\/div><div id=\"panel-2189-1-1-2\" class=\"so-panel widget widget_sow-image panel-last-child\" data-index=\"7\" ><div\n\t\t\t\n\t\t\tclass=\"so-widget-sow-image so-widget-sow-image-default-8b5b6f678277-2189\"\n\t\t\t\n\t\t><h3 class=\"widget-title\"><span class=\"widget-title__inline\">Unterricht mit Certificate<\/span><\/h3>\n<div class=\"sow-image-container\">\n\t\t\t<a href=\"https:\/\/kitemobile.nl\/book\/?lang=de\"\n\t\t\t\t\t>\n\t\t\t<img \n\tsrc=\"https:\/\/kitemobile.nl\/wp-content\/uploads\/2018\/03\/Kitesurf_pas_watersportverbond_certificaat_klein-300x211.jpg\" width=\"300\" height=\"211\" srcset=\"https:\/\/kitemobile.nl\/wp-content\/uploads\/2018\/03\/Kitesurf_pas_watersportverbond_certificaat_klein-300x211.jpg 300w, https:\/\/kitemobile.nl\/wp-content\/uploads\/2018\/03\/Kitesurf_pas_watersportverbond_certificaat_klein-540x380.jpg 540w, https:\/\/kitemobile.nl\/wp-content\/uploads\/2018\/03\/Kitesurf_pas_watersportverbond_certificaat_klein-100x70.jpg 100w, https:\/\/kitemobile.nl\/wp-content\/uploads\/2018\/03\/Kitesurf_pas_watersportverbond_certificaat_klein.jpg 640w\" sizes=\"(max-width: 300px) 100vw, 300px\" title=\"Unterricht mit Certificate\" alt=\"Bleispiel kite Certificate\" \t\tclass=\"so-widget-image\"\/>\n\t\t\t<\/a><\/div>\n\n<\/div><\/div><\/div><\/div><\/div>","protected":false},"excerpt":{"rendered":"<p>Einen individuellen Kitesurf Unterricht mit deinem eigenen Kite Material zu haben, bedeutet  mehr Aufmerksamkeit pro person. <\/p>\n","protected":false},"author":2,"featured_media":0,"parent":0,"menu_order":0,"comment_status":"closed","ping_status":"closed","template":"","meta":{"_acf_changed":false,"footnotes":""},"class_list":["post-2189","page","type-page","status-publish","hentry","clearfix"],"acf":[],"yoast_head":"<!-- This site is optimized with the Yoast SEO plugin v27.3 - https:\/\/yoast.com\/product\/yoast-seo-wordpress\/ -->\n<title>Privat KITE Unterricht Workum Holland Stehrevier North Kite Center<\/title>\n<meta name=\"description\" content=\"Einen individuellen Kitesurf Unterricht mit deinem eigenen Kite Material zu haben, bedeutet mehr Aufmerksamkeit pro person\" \/>\n<meta name=\"robots\" content=\"index, follow, max-snippet:-1, max-image-preview:large, max-video-preview:-1\" \/>\n<link rel=\"canonical\" href=\"https:\/\/kitemobile.nl\/de\/privat-unterricht-kitesurfen-holland-workum\/\" \/>\n<meta property=\"og:locale\" content=\"de_DE\" \/>\n<meta property=\"og:type\" content=\"article\" \/>\n<meta property=\"og:title\" content=\"Privat KITE Unterricht Workum Holland Stehrevier North Kite Center\" \/>\n<meta property=\"og:description\" content=\"Einen individuellen Kitesurf Unterricht mit deinem eigenen Kite Material zu haben, bedeutet mehr Aufmerksamkeit pro person\" \/>\n<meta property=\"og:url\" content=\"https:\/\/kitemobile.nl\/de\/privat-unterricht-kitesurfen-holland-workum\/\" \/>\n<meta property=\"og:site_name\" content=\"KiteMobile\" \/>\n<meta property=\"article:publisher\" content=\"https:\/\/www.facebook.com\/kitesurfschool.kitemobile\/\" \/>\n<meta property=\"article:modified_time\" content=\"2023-02-20T19:59:52+00:00\" \/>\n<meta name=\"twitter:card\" content=\"summary_large_image\" \/>\n<meta name=\"twitter:site\" content=\"@kitemobile\" \/>\n<meta name=\"twitter:label1\" content=\"Gesch\u00e4tzte Lesezeit\" \/>\n\t<meta name=\"twitter:data1\" content=\"2\u00a0Minuten\" \/>\n<script type=\"application\/ld+json\" class=\"yoast-schema-graph\">{\"@context\":\"https:\\\/\\\/schema.org\",\"@graph\":[{\"@type\":\"WebPage\",\"@id\":\"https:\\\/\\\/kitemobile.nl\\\/de\\\/privat-unterricht-kitesurfen-holland-workum\\\/\",\"url\":\"https:\\\/\\\/kitemobile.nl\\\/de\\\/privat-unterricht-kitesurfen-holland-workum\\\/\",\"name\":\"Privat KITE Unterricht Workum Holland Stehrevier North Kite Center\",\"isPartOf\":{\"@id\":\"https:\\\/\\\/kitemobile.nl\\\/#website\"},\"datePublished\":\"2017-06-12T08:29:28+00:00\",\"dateModified\":\"2023-02-20T19:59:52+00:00\",\"description\":\"Einen individuellen Kitesurf Unterricht mit deinem eigenen Kite Material zu haben, bedeutet mehr Aufmerksamkeit pro person\",\"breadcrumb\":{\"@id\":\"https:\\\/\\\/kitemobile.nl\\\/de\\\/privat-unterricht-kitesurfen-holland-workum\\\/#breadcrumb\"},\"inLanguage\":\"de\",\"potentialAction\":[{\"@type\":\"ReadAction\",\"target\":[\"https:\\\/\\\/kitemobile.nl\\\/de\\\/privat-unterricht-kitesurfen-holland-workum\\\/\"]}]},{\"@type\":\"BreadcrumbList\",\"@id\":\"https:\\\/\\\/kitemobile.nl\\\/de\\\/privat-unterricht-kitesurfen-holland-workum\\\/#breadcrumb\",\"itemListElement\":[{\"@type\":\"ListItem\",\"position\":1,\"name\":\"Home\",\"item\":\"https:\\\/\\\/kitemobile.nl\\\/de\\\/\"},{\"@type\":\"ListItem\",\"position\":2,\"name\":\"Privat Unterricht\"}]},{\"@type\":\"WebSite\",\"@id\":\"https:\\\/\\\/kitemobile.nl\\\/#website\",\"url\":\"https:\\\/\\\/kitemobile.nl\\\/\",\"name\":\"KiteMobile\",\"description\":\"Kitesurfschool KiteMobile is het adres voor kitesurfles\",\"publisher\":{\"@id\":\"https:\\\/\\\/kitemobile.nl\\\/#organization\"},\"potentialAction\":[{\"@type\":\"SearchAction\",\"target\":{\"@type\":\"EntryPoint\",\"urlTemplate\":\"https:\\\/\\\/kitemobile.nl\\\/?s={search_term_string}\"},\"query-input\":{\"@type\":\"PropertyValueSpecification\",\"valueRequired\":true,\"valueName\":\"search_term_string\"}}],\"inLanguage\":\"de\"},{\"@type\":\"Organization\",\"@id\":\"https:\\\/\\\/kitemobile.nl\\\/#organization\",\"name\":\"KiteMobile\",\"url\":\"https:\\\/\\\/kitemobile.nl\\\/\",\"logo\":{\"@type\":\"ImageObject\",\"inLanguage\":\"de\",\"@id\":\"https:\\\/\\\/kitemobile.nl\\\/#\\\/schema\\\/logo\\\/image\\\/\",\"url\":\"https:\\\/\\\/kitemobile.nl\\\/wp-content\\\/uploads\\\/2017\\\/12\\\/kitemobile-small.png\",\"contentUrl\":\"https:\\\/\\\/kitemobile.nl\\\/wp-content\\\/uploads\\\/2017\\\/12\\\/kitemobile-small.png\",\"width\":200,\"height\":200,\"caption\":\"KiteMobile\"},\"image\":{\"@id\":\"https:\\\/\\\/kitemobile.nl\\\/#\\\/schema\\\/logo\\\/image\\\/\"},\"sameAs\":[\"https:\\\/\\\/www.facebook.com\\\/kitesurfschool.kitemobile\\\/\",\"https:\\\/\\\/x.com\\\/kitemobile\",\"https:\\\/\\\/www.instagram.com\\\/kitesurfschool_kitemobile\\\/\",\"https:\\\/\\\/www.youtube.com\\\/channel\\\/UC3UcLZGJGnY-0suc_l0nWvA\"]}]}<\/script>\n<!-- \/ Yoast SEO plugin. -->","yoast_head_json":{"title":"Privat KITE Unterricht Workum Holland Stehrevier North Kite Center","description":"Einen individuellen Kitesurf Unterricht mit deinem eigenen Kite Material zu haben, bedeutet mehr Aufmerksamkeit pro person","robots":{"index":"index","follow":"follow","max-snippet":"max-snippet:-1","max-image-preview":"max-image-preview:large","max-video-preview":"max-video-preview:-1"},"canonical":"https:\/\/kitemobile.nl\/de\/privat-unterricht-kitesurfen-holland-workum\/","og_locale":"de_DE","og_type":"article","og_title":"Privat KITE Unterricht Workum Holland Stehrevier North Kite Center","og_description":"Einen individuellen Kitesurf Unterricht mit deinem eigenen Kite Material zu haben, bedeutet mehr Aufmerksamkeit pro person","og_url":"https:\/\/kitemobile.nl\/de\/privat-unterricht-kitesurfen-holland-workum\/","og_site_name":"KiteMobile","article_publisher":"https:\/\/www.facebook.com\/kitesurfschool.kitemobile\/","article_modified_time":"2023-02-20T19:59:52+00:00","twitter_card":"summary_large_image","twitter_site":"@kitemobile","twitter_misc":{"Gesch\u00e4tzte Lesezeit":"2\u00a0Minuten"},"schema":{"@context":"https:\/\/schema.org","@graph":[{"@type":"WebPage","@id":"https:\/\/kitemobile.nl\/de\/privat-unterricht-kitesurfen-holland-workum\/","url":"https:\/\/kitemobile.nl\/de\/privat-unterricht-kitesurfen-holland-workum\/","name":"Privat KITE Unterricht Workum Holland Stehrevier North Kite Center","isPartOf":{"@id":"https:\/\/kitemobile.nl\/#website"},"datePublished":"2017-06-12T08:29:28+00:00","dateModified":"2023-02-20T19:59:52+00:00","description":"Einen individuellen Kitesurf Unterricht mit deinem eigenen Kite Material zu haben, bedeutet mehr Aufmerksamkeit pro person","breadcrumb":{"@id":"https:\/\/kitemobile.nl\/de\/privat-unterricht-kitesurfen-holland-workum\/#breadcrumb"},"inLanguage":"de","potentialAction":[{"@type":"ReadAction","target":["https:\/\/kitemobile.nl\/de\/privat-unterricht-kitesurfen-holland-workum\/"]}]},{"@type":"BreadcrumbList","@id":"https:\/\/kitemobile.nl\/de\/privat-unterricht-kitesurfen-holland-workum\/#breadcrumb","itemListElement":[{"@type":"ListItem","position":1,"name":"Home","item":"https:\/\/kitemobile.nl\/de\/"},{"@type":"ListItem","position":2,"name":"Privat Unterricht"}]},{"@type":"WebSite","@id":"https:\/\/kitemobile.nl\/#website","url":"https:\/\/kitemobile.nl\/","name":"KiteMobile","description":"Kitesurfschool KiteMobile is het adres voor kitesurfles","publisher":{"@id":"https:\/\/kitemobile.nl\/#organization"},"potentialAction":[{"@type":"SearchAction","target":{"@type":"EntryPoint","urlTemplate":"https:\/\/kitemobile.nl\/?s={search_term_string}"},"query-input":{"@type":"PropertyValueSpecification","valueRequired":true,"valueName":"search_term_string"}}],"inLanguage":"de"},{"@type":"Organization","@id":"https:\/\/kitemobile.nl\/#organization","name":"KiteMobile","url":"https:\/\/kitemobile.nl\/","logo":{"@type":"ImageObject","inLanguage":"de","@id":"https:\/\/kitemobile.nl\/#\/schema\/logo\/image\/","url":"https:\/\/kitemobile.nl\/wp-content\/uploads\/2017\/12\/kitemobile-small.png","contentUrl":"https:\/\/kitemobile.nl\/wp-content\/uploads\/2017\/12\/kitemobile-small.png","width":200,"height":200,"caption":"KiteMobile"},"image":{"@id":"https:\/\/kitemobile.nl\/#\/schema\/logo\/image\/"},"sameAs":["https:\/\/www.facebook.com\/kitesurfschool.kitemobile\/","https:\/\/x.com\/kitemobile","https:\/\/www.instagram.com\/kitesurfschool_kitemobile\/","https:\/\/www.youtube.com\/channel\/UC3UcLZGJGnY-0suc_l0nWvA"]}]}},"_links":{"self":[{"href":"https:\/\/kitemobile.nl\/de\/wp-json\/wp\/v2\/pages\/2189","targetHints":{"allow":["GET"]}}],"collection":[{"href":"https:\/\/kitemobile.nl\/de\/wp-json\/wp\/v2\/pages"}],"about":[{"href":"https:\/\/kitemobile.nl\/de\/wp-json\/wp\/v2\/types\/page"}],"author":[{"embeddable":true,"href":"https:\/\/kitemobile.nl\/de\/wp-json\/wp\/v2\/users\/2"}],"replies":[{"embeddable":true,"href":"https:\/\/kitemobile.nl\/de\/wp-json\/wp\/v2\/comments?post=2189"}],"version-history":[{"count":74,"href":"https:\/\/kitemobile.nl\/de\/wp-json\/wp\/v2\/pages\/2189\/revisions"}],"predecessor-version":[{"id":9041,"href":"https:\/\/kitemobile.nl\/de\/wp-json\/wp\/v2\/pages\/2189\/revisions\/9041"}],"wp:attachment":[{"href":"https:\/\/kitemobile.nl\/de\/wp-json\/wp\/v2\/media?parent=2189"}],"curies":[{"name":"wp","href":"https:\/\/api.w.org\/{rel}","templated":true}]}}