{"id":5658,"date":"2018-06-01T00:01:52","date_gmt":"2018-05-31T22:01:52","guid":{"rendered":"https:\/\/kitemobile.nl\/?page_id=5658"},"modified":"2021-04-20T11:34:23","modified_gmt":"2021-04-20T09:34:23","slug":"hydrofoil-kitesurf-kurs","status":"publish","type":"page","link":"https:\/\/kitemobile.nl\/de\/hydrofoil-kitesurf-kurs\/","title":{"rendered":"Hydrofoil Kurs"},"content":{"rendered":"<div id=\"pl-5658\"  class=\"panel-layout\" ><div id=\"pg-5658-0\"  class=\"panel-grid panel-no-style\" ><div id=\"pgc-5658-0-0\"  class=\"panel-grid-cell\" ><div id=\"panel-5658-0-0-0\" class=\"so-panel widget widget_sow-editor panel-first-child panel-last-child\" data-index=\"0\" ><div\n\t\t\t\n\t\t\tclass=\"so-widget-sow-editor so-widget-sow-editor-base\"\n\t\t\t\n\t\t><h3 class=\"widget-title\"><span class=\"widget-title__inline\">Hydrofoil Kurs<\/span><\/h3>\n<div class=\"siteorigin-widget-tinymce textwidget\">\n\t<p>Kitesurfen mit wenig Wind? Dann folgen Sie dem Hydrofoil Kurs. Dieser Kurs richtet sich an erfahrene Kitesurfer, die ihre Wasserzeit erh\u00f6hen m\u00f6chten. Wir geben einen kompletten Kurs mit Hydrofoil, Instruktor und eventuell einem speziellen Leichtes wind kite.<\/p>\n<p>Sie k\u00f6nnen den gesamten Kurs <a href=\"https:\/\/kitemobile.nl\/de\/book\/\">online buchen<\/a><\/p>\n<\/div>\n<\/div><\/div><\/div><div id=\"pgc-5658-0-1\"  class=\"panel-grid-cell\" ><div id=\"panel-5658-0-1-0\" class=\"so-panel widget widget_sow-editor panel-first-child panel-last-child\" data-index=\"1\" ><div\n\t\t\t\n\t\t\tclass=\"so-widget-sow-editor so-widget-sow-editor-base\"\n\t\t\t\n\t\t>\n<div class=\"siteorigin-widget-tinymce textwidget\">\n\t<figure id=\"attachment_3250\" aria-describedby=\"caption-attachment-3250\" style=\"width: 381px\" class=\"wp-caption alignnone\"><img loading=\"lazy\" decoding=\"async\" class=\" wp-image-3250\" src=\"https:\/\/kitemobile.nl\/wp-content\/uploads\/2017\/12\/Foilen_leren_kite_vakantie-300x201.png\" alt=\"Tijdens de vakantie foilen leren met een kite\" width=\"381\" height=\"255\" srcset=\"https:\/\/kitemobile.nl\/wp-content\/uploads\/2017\/12\/Foilen_leren_kite_vakantie-300x201.png 300w, https:\/\/kitemobile.nl\/wp-content\/uploads\/2017\/12\/Foilen_leren_kite_vakantie-540x362.png 540w, https:\/\/kitemobile.nl\/wp-content\/uploads\/2017\/12\/Foilen_leren_kite_vakantie-272x182.png 272w, https:\/\/kitemobile.nl\/wp-content\/uploads\/2017\/12\/Foilen_leren_kite_vakantie.png 582w\" sizes=\"auto, (max-width: 381px) 100vw, 381px\" \/><figcaption id=\"caption-attachment-3250\" class=\"wp-caption-text\">Kitesurfen in &lt; 10 knoten<\/figcaption><\/figure>\n<\/div>\n<\/div><\/div><\/div><\/div><div id=\"pg-5658-1\"  class=\"panel-grid panel-no-style\" ><div id=\"pgc-5658-1-0\"  class=\"panel-grid-cell\" ><div id=\"panel-5658-1-0-0\" class=\"so-panel widget widget_sow-editor panel-first-child\" data-index=\"2\" ><div class=\"featured-widget panel-widget-style panel-widget-style-for-5658-1-0-0\" ><div\n\t\t\t\n\t\t\tclass=\"so-widget-sow-editor so-widget-sow-editor-base\"\n\t\t\t\n\t\t><h3 class=\"widget-title\"><span class=\"widget-title__inline\">Hydrofoil Kurs Privat<\/span><\/h3>\n<div class=\"siteorigin-widget-tinymce textwidget\">\n\t<p>Kompletter Hydrofoiling-PRIVAT-Kurs. Wir k\u00fcmmern uns um die Materialien, w\u00e4hlen die richtige Einstellung mit pers\u00f6nlicher Anleitung. Lerne aus Erfahrung, Lehrer direkt an deiner Seite.<\/p>\n<\/div>\n<\/div><\/div><\/div><div id=\"panel-5658-1-0-1\" class=\"so-panel widget widget_sow-editor\" data-index=\"3\" ><div class=\"featured-widget panel-widget-style panel-widget-style-for-5658-1-0-1\" ><div\n\t\t\t\n\t\t\tclass=\"so-widget-sow-editor so-widget-sow-editor-base\"\n\t\t\t\n\t\t><h3 class=\"widget-title\"><span class=\"widget-title__inline\">Was kannst du erwarten?<\/span><\/h3>\n<div class=\"siteorigin-widget-tinymce textwidget\">\n\t<p>Hydrofoilen lernen in Umst\u00e4nde zwischen 2 und 4 bft. Das sind der ideale bedingungen, nach dem wir suchen. W\u00e4hrend des Privatunterrichts steht Ihnen ein eigenes Kiteset und ein Instruktor zur Verf\u00fcgung.<\/p>\n<ul>\n<li>Privatlehrer<\/li>\n<li id=\"tw-target-text\" class=\"tw-data-text tw-ta tw-text-medium\" dir=\"ltr\" data-placeholder=\"Vertaling\"><span lang=\"de\">Lektion in Ihrem eigenen Tempo<\/span><\/li>\n<li class=\"tw-data-text tw-ta tw-text-medium\" dir=\"ltr\" data-placeholder=\"Vertaling\">Eigenen Hydrofoil<\/li>\n<li>spezielle Low-End Drachen<\/li>\n<li>Technik\n<ul>\n<li>leight\u00a0wind kite controle<\/li>\n<li>wasserstart<\/li>\n<li>lift &amp; Fliegen<\/li>\n<li>bremsen<\/li>\n<li>safety<\/li>\n<\/ul>\n<\/li>\n<\/ul>\n<p>\u20ac 125 | 1x 1,5 Stunden Private Kurs<\/p>\n<\/div>\n<\/div><\/div><\/div><div id=\"panel-5658-1-0-2\" class=\"so-panel widget widget_sow-button panel-last-child\" data-index=\"4\" ><div\n\t\t\t\n\t\t\tclass=\"so-widget-sow-button so-widget-sow-button-atom-5e0a9bb0218a-5658\"\n\t\t\t\n\t\t><div class=\"ow-button-base ow-button-align-left\"\n>\n\t\t\t<a\n\t\t\t\t\thref=\"https:\/\/app.vikingbookings.com\/widget\/booking\/41000000040000004d8a770f\"\n\t\t\t\t\tclass=\"sowb-button ow-icon-placement-left ow-button-hover\" \t>\n\t\t<span>\n\t\t\t<span class=\"sow-icon-fontawesome sow-fas\" data-sow-icon=\"&#xf073;\"\n\t\tstyle=\"color: #273e70\" \n\t\taria-hidden=\"true\"><\/span>\n\t\t\tOnline buchen\t\t<\/span>\n\t\t\t<\/a>\n\t<\/div>\n<\/div><\/div><\/div><\/div><\/div>","protected":false},"excerpt":{"rendered":"<p>Kitesurfen mit wenig Wind? Dann folgen Sie dem Hydrofoil Kitesurf Kurs. Dieser Kurs richtet sich an erfahrene Kitesurfer, die ihre Wasserzeit erh\u00f6hen m\u00f6chten. Wir geben einen kompletten Kurs mit Hydrofoil, Instruktor und eventuell einem speziellen Leichtes wind kite.<\/p>\n","protected":false},"author":2,"featured_media":0,"parent":0,"menu_order":0,"comment_status":"closed","ping_status":"closed","template":"","meta":{"_acf_changed":false,"footnotes":""},"class_list":["post-5658","page","type-page","status-publish","hentry","clearfix"],"acf":[],"yoast_head":"<!-- This site is optimized with the Yoast SEO plugin v27.3 - https:\/\/yoast.com\/product\/yoast-seo-wordpress\/ -->\n<title>Hydrofoil Kurs | Kitesurfschule KiteMobile am IJsselmeer<\/title>\n<meta name=\"description\" content=\"Kitesurfen mit wenig Wind? Dann folgen Sie dem Hydrofoil Kitesurf Kurs. Dieser Kurs richtet sich an erfahrene Kitesurfer, die ihre Wasserzeit erh\u00f6hen m\u00f6chten. Wir geben einen kompletten Kurs mit Hydrofoil, Instruktor und eventuell einem speziellen Leichtes wind kite.\" \/>\n<meta name=\"robots\" content=\"index, follow, max-snippet:-1, max-image-preview:large, max-video-preview:-1\" \/>\n<link rel=\"canonical\" href=\"https:\/\/kitemobile.nl\/de\/hydrofoil-kitesurf-kurs\/\" \/>\n<meta property=\"og:locale\" content=\"de_DE\" \/>\n<meta property=\"og:type\" content=\"article\" \/>\n<meta property=\"og:title\" content=\"Hydrofoil Kurs | Kitesurfschule KiteMobile am IJsselmeer\" \/>\n<meta property=\"og:description\" content=\"Kitesurfen mit wenig Wind? Dann folgen Sie dem Hydrofoil Kitesurf Kurs. Dieser Kurs richtet sich an erfahrene Kitesurfer, die ihre Wasserzeit erh\u00f6hen m\u00f6chten. Wir geben einen kompletten Kurs mit Hydrofoil, Instruktor und eventuell einem speziellen Leichtes wind kite.\" \/>\n<meta property=\"og:url\" content=\"https:\/\/kitemobile.nl\/de\/hydrofoil-kitesurf-kurs\/\" \/>\n<meta property=\"og:site_name\" content=\"KiteMobile\" \/>\n<meta property=\"article:publisher\" content=\"https:\/\/www.facebook.com\/kitesurfschool.kitemobile\/\" \/>\n<meta property=\"article:modified_time\" content=\"2021-04-20T09:34:23+00:00\" \/>\n<meta property=\"og:image\" content=\"https:\/\/kitemobile.nl\/wp-content\/uploads\/2017\/12\/Foilen_leren_kite_vakantie-300x201.png\" \/>\n<meta name=\"twitter:card\" content=\"summary_large_image\" \/>\n<meta name=\"twitter:site\" content=\"@kitemobile\" \/>\n<meta name=\"twitter:label1\" content=\"Gesch\u00e4tzte Lesezeit\" \/>\n\t<meta name=\"twitter:data1\" content=\"1\u00a0Minute\" \/>\n<script type=\"application\/ld+json\" class=\"yoast-schema-graph\">{\"@context\":\"https:\\\/\\\/schema.org\",\"@graph\":[{\"@type\":\"WebPage\",\"@id\":\"https:\\\/\\\/kitemobile.nl\\\/de\\\/hydrofoil-kitesurf-kurs\\\/\",\"url\":\"https:\\\/\\\/kitemobile.nl\\\/de\\\/hydrofoil-kitesurf-kurs\\\/\",\"name\":\"Hydrofoil Kurs | Kitesurfschule KiteMobile am IJsselmeer\",\"isPartOf\":{\"@id\":\"https:\\\/\\\/kitemobile.nl\\\/#website\"},\"primaryImageOfPage\":{\"@id\":\"https:\\\/\\\/kitemobile.nl\\\/de\\\/hydrofoil-kitesurf-kurs\\\/#primaryimage\"},\"image\":{\"@id\":\"https:\\\/\\\/kitemobile.nl\\\/de\\\/hydrofoil-kitesurf-kurs\\\/#primaryimage\"},\"thumbnailUrl\":\"https:\\\/\\\/kitemobile.nl\\\/wp-content\\\/uploads\\\/2017\\\/12\\\/Foilen_leren_kite_vakantie-300x201.png\",\"datePublished\":\"2018-05-31T22:01:52+00:00\",\"dateModified\":\"2021-04-20T09:34:23+00:00\",\"description\":\"Kitesurfen mit wenig Wind? Dann folgen Sie dem Hydrofoil Kitesurf Kurs. Dieser Kurs richtet sich an erfahrene Kitesurfer, die ihre Wasserzeit erh\u00f6hen m\u00f6chten. Wir geben einen kompletten Kurs mit Hydrofoil, Instruktor und eventuell einem speziellen Leichtes wind kite.\",\"breadcrumb\":{\"@id\":\"https:\\\/\\\/kitemobile.nl\\\/de\\\/hydrofoil-kitesurf-kurs\\\/#breadcrumb\"},\"inLanguage\":\"de\",\"potentialAction\":[{\"@type\":\"ReadAction\",\"target\":[\"https:\\\/\\\/kitemobile.nl\\\/de\\\/hydrofoil-kitesurf-kurs\\\/\"]}]},{\"@type\":\"ImageObject\",\"inLanguage\":\"de\",\"@id\":\"https:\\\/\\\/kitemobile.nl\\\/de\\\/hydrofoil-kitesurf-kurs\\\/#primaryimage\",\"url\":\"https:\\\/\\\/kitemobile.nl\\\/wp-content\\\/uploads\\\/2017\\\/12\\\/Foilen_leren_kite_vakantie-300x201.png\",\"contentUrl\":\"https:\\\/\\\/kitemobile.nl\\\/wp-content\\\/uploads\\\/2017\\\/12\\\/Foilen_leren_kite_vakantie-300x201.png\"},{\"@type\":\"BreadcrumbList\",\"@id\":\"https:\\\/\\\/kitemobile.nl\\\/de\\\/hydrofoil-kitesurf-kurs\\\/#breadcrumb\",\"itemListElement\":[{\"@type\":\"ListItem\",\"position\":1,\"name\":\"Home\",\"item\":\"https:\\\/\\\/kitemobile.nl\\\/de\\\/\"},{\"@type\":\"ListItem\",\"position\":2,\"name\":\"Hydrofoil Kurs\"}]},{\"@type\":\"WebSite\",\"@id\":\"https:\\\/\\\/kitemobile.nl\\\/#website\",\"url\":\"https:\\\/\\\/kitemobile.nl\\\/\",\"name\":\"KiteMobile\",\"description\":\"Kitesurfschool KiteMobile is het adres voor kitesurfles\",\"publisher\":{\"@id\":\"https:\\\/\\\/kitemobile.nl\\\/#organization\"},\"potentialAction\":[{\"@type\":\"SearchAction\",\"target\":{\"@type\":\"EntryPoint\",\"urlTemplate\":\"https:\\\/\\\/kitemobile.nl\\\/?s={search_term_string}\"},\"query-input\":{\"@type\":\"PropertyValueSpecification\",\"valueRequired\":true,\"valueName\":\"search_term_string\"}}],\"inLanguage\":\"de\"},{\"@type\":\"Organization\",\"@id\":\"https:\\\/\\\/kitemobile.nl\\\/#organization\",\"name\":\"KiteMobile\",\"url\":\"https:\\\/\\\/kitemobile.nl\\\/\",\"logo\":{\"@type\":\"ImageObject\",\"inLanguage\":\"de\",\"@id\":\"https:\\\/\\\/kitemobile.nl\\\/#\\\/schema\\\/logo\\\/image\\\/\",\"url\":\"https:\\\/\\\/kitemobile.nl\\\/wp-content\\\/uploads\\\/2017\\\/12\\\/kitemobile-small.png\",\"contentUrl\":\"https:\\\/\\\/kitemobile.nl\\\/wp-content\\\/uploads\\\/2017\\\/12\\\/kitemobile-small.png\",\"width\":200,\"height\":200,\"caption\":\"KiteMobile\"},\"image\":{\"@id\":\"https:\\\/\\\/kitemobile.nl\\\/#\\\/schema\\\/logo\\\/image\\\/\"},\"sameAs\":[\"https:\\\/\\\/www.facebook.com\\\/kitesurfschool.kitemobile\\\/\",\"https:\\\/\\\/x.com\\\/kitemobile\",\"https:\\\/\\\/www.instagram.com\\\/kitesurfschool_kitemobile\\\/\",\"https:\\\/\\\/www.youtube.com\\\/channel\\\/UC3UcLZGJGnY-0suc_l0nWvA\"]}]}<\/script>\n<!-- \/ Yoast SEO plugin. -->","yoast_head_json":{"title":"Hydrofoil Kurs | Kitesurfschule KiteMobile am IJsselmeer","description":"Kitesurfen mit wenig Wind? Dann folgen Sie dem Hydrofoil Kitesurf Kurs. Dieser Kurs richtet sich an erfahrene Kitesurfer, die ihre Wasserzeit erh\u00f6hen m\u00f6chten. Wir geben einen kompletten Kurs mit Hydrofoil, Instruktor und eventuell einem speziellen Leichtes wind kite.","robots":{"index":"index","follow":"follow","max-snippet":"max-snippet:-1","max-image-preview":"max-image-preview:large","max-video-preview":"max-video-preview:-1"},"canonical":"https:\/\/kitemobile.nl\/de\/hydrofoil-kitesurf-kurs\/","og_locale":"de_DE","og_type":"article","og_title":"Hydrofoil Kurs | Kitesurfschule KiteMobile am IJsselmeer","og_description":"Kitesurfen mit wenig Wind? Dann folgen Sie dem Hydrofoil Kitesurf Kurs. Dieser Kurs richtet sich an erfahrene Kitesurfer, die ihre Wasserzeit erh\u00f6hen m\u00f6chten. Wir geben einen kompletten Kurs mit Hydrofoil, Instruktor und eventuell einem speziellen Leichtes wind kite.","og_url":"https:\/\/kitemobile.nl\/de\/hydrofoil-kitesurf-kurs\/","og_site_name":"KiteMobile","article_publisher":"https:\/\/www.facebook.com\/kitesurfschool.kitemobile\/","article_modified_time":"2021-04-20T09:34:23+00:00","og_image":[{"url":"https:\/\/kitemobile.nl\/wp-content\/uploads\/2017\/12\/Foilen_leren_kite_vakantie-300x201.png","type":"","width":"","height":""}],"twitter_card":"summary_large_image","twitter_site":"@kitemobile","twitter_misc":{"Gesch\u00e4tzte Lesezeit":"1\u00a0Minute"},"schema":{"@context":"https:\/\/schema.org","@graph":[{"@type":"WebPage","@id":"https:\/\/kitemobile.nl\/de\/hydrofoil-kitesurf-kurs\/","url":"https:\/\/kitemobile.nl\/de\/hydrofoil-kitesurf-kurs\/","name":"Hydrofoil Kurs | Kitesurfschule KiteMobile am IJsselmeer","isPartOf":{"@id":"https:\/\/kitemobile.nl\/#website"},"primaryImageOfPage":{"@id":"https:\/\/kitemobile.nl\/de\/hydrofoil-kitesurf-kurs\/#primaryimage"},"image":{"@id":"https:\/\/kitemobile.nl\/de\/hydrofoil-kitesurf-kurs\/#primaryimage"},"thumbnailUrl":"https:\/\/kitemobile.nl\/wp-content\/uploads\/2017\/12\/Foilen_leren_kite_vakantie-300x201.png","datePublished":"2018-05-31T22:01:52+00:00","dateModified":"2021-04-20T09:34:23+00:00","description":"Kitesurfen mit wenig Wind? Dann folgen Sie dem Hydrofoil Kitesurf Kurs. Dieser Kurs richtet sich an erfahrene Kitesurfer, die ihre Wasserzeit erh\u00f6hen m\u00f6chten. Wir geben einen kompletten Kurs mit Hydrofoil, Instruktor und eventuell einem speziellen Leichtes wind kite.","breadcrumb":{"@id":"https:\/\/kitemobile.nl\/de\/hydrofoil-kitesurf-kurs\/#breadcrumb"},"inLanguage":"de","potentialAction":[{"@type":"ReadAction","target":["https:\/\/kitemobile.nl\/de\/hydrofoil-kitesurf-kurs\/"]}]},{"@type":"ImageObject","inLanguage":"de","@id":"https:\/\/kitemobile.nl\/de\/hydrofoil-kitesurf-kurs\/#primaryimage","url":"https:\/\/kitemobile.nl\/wp-content\/uploads\/2017\/12\/Foilen_leren_kite_vakantie-300x201.png","contentUrl":"https:\/\/kitemobile.nl\/wp-content\/uploads\/2017\/12\/Foilen_leren_kite_vakantie-300x201.png"},{"@type":"BreadcrumbList","@id":"https:\/\/kitemobile.nl\/de\/hydrofoil-kitesurf-kurs\/#breadcrumb","itemListElement":[{"@type":"ListItem","position":1,"name":"Home","item":"https:\/\/kitemobile.nl\/de\/"},{"@type":"ListItem","position":2,"name":"Hydrofoil Kurs"}]},{"@type":"WebSite","@id":"https:\/\/kitemobile.nl\/#website","url":"https:\/\/kitemobile.nl\/","name":"KiteMobile","description":"Kitesurfschool KiteMobile is het adres voor kitesurfles","publisher":{"@id":"https:\/\/kitemobile.nl\/#organization"},"potentialAction":[{"@type":"SearchAction","target":{"@type":"EntryPoint","urlTemplate":"https:\/\/kitemobile.nl\/?s={search_term_string}"},"query-input":{"@type":"PropertyValueSpecification","valueRequired":true,"valueName":"search_term_string"}}],"inLanguage":"de"},{"@type":"Organization","@id":"https:\/\/kitemobile.nl\/#organization","name":"KiteMobile","url":"https:\/\/kitemobile.nl\/","logo":{"@type":"ImageObject","inLanguage":"de","@id":"https:\/\/kitemobile.nl\/#\/schema\/logo\/image\/","url":"https:\/\/kitemobile.nl\/wp-content\/uploads\/2017\/12\/kitemobile-small.png","contentUrl":"https:\/\/kitemobile.nl\/wp-content\/uploads\/2017\/12\/kitemobile-small.png","width":200,"height":200,"caption":"KiteMobile"},"image":{"@id":"https:\/\/kitemobile.nl\/#\/schema\/logo\/image\/"},"sameAs":["https:\/\/www.facebook.com\/kitesurfschool.kitemobile\/","https:\/\/x.com\/kitemobile","https:\/\/www.instagram.com\/kitesurfschool_kitemobile\/","https:\/\/www.youtube.com\/channel\/UC3UcLZGJGnY-0suc_l0nWvA"]}]}},"_links":{"self":[{"href":"https:\/\/kitemobile.nl\/de\/wp-json\/wp\/v2\/pages\/5658","targetHints":{"allow":["GET"]}}],"collection":[{"href":"https:\/\/kitemobile.nl\/de\/wp-json\/wp\/v2\/pages"}],"about":[{"href":"https:\/\/kitemobile.nl\/de\/wp-json\/wp\/v2\/types\/page"}],"author":[{"embeddable":true,"href":"https:\/\/kitemobile.nl\/de\/wp-json\/wp\/v2\/users\/2"}],"replies":[{"embeddable":true,"href":"https:\/\/kitemobile.nl\/de\/wp-json\/wp\/v2\/comments?post=5658"}],"version-history":[{"count":51,"href":"https:\/\/kitemobile.nl\/de\/wp-json\/wp\/v2\/pages\/5658\/revisions"}],"predecessor-version":[{"id":7974,"href":"https:\/\/kitemobile.nl\/de\/wp-json\/wp\/v2\/pages\/5658\/revisions\/7974"}],"wp:attachment":[{"href":"https:\/\/kitemobile.nl\/de\/wp-json\/wp\/v2\/media?parent=5658"}],"curies":[{"name":"wp","href":"https:\/\/api.w.org\/{rel}","templated":true}]}}